{"id":45828,"date":"2025-06-18T10:56:16","date_gmt":"2025-06-18T10:56:16","guid":{"rendered":"https:\/\/zl.jewelry\/product\/ring-beloved\/"},"modified":"2025-09-26T18:27:20","modified_gmt":"2025-09-26T18:27:20","slug":"ring-beloved","status":"publish","type":"product","link":"https:\/\/zl.jewelry\/pl\/product\/ring-beloved\/","title":{"rendered":"Pier\u015bcionek &#8222;Ulubiony&#8221;"},"content":{"rendered":"<p>Pier\u015bcionek wykonany jest z bia\u0142ego z\u0142ota pokrytego rodem. Waga jest skorelowana z rozmiarem, przy rozmiarze 16,5 waga wynosi 3,80 grama.&nbsp; Na szynie znajduj\u0105 si\u0119 odciski \u0142ap, kt\u00f3re s\u0105 pokryte czarn\u0105 emali\u0105. Kasta posiada trzy kamienie o \u015brednicy 3mm,&nbsp; 1,20mm, istnieje mo\u017cliwo\u015b\u0107 osadzenia dowolnych kamieni, zgodnie z \u017cyczeniem klienta.<\/p>\n","protected":false},"excerpt":{"rendered":"<p>Pier\u015bcionek wykonany jest z bia\u0142ego z\u0142ota pokrytego rodem. Waga jest skorelowana z rozmiarem, przy rozmiarze 16,5 waga wynosi 3,80 grama.&nbsp; Na szynie znajduj\u0105 si\u0119 odciski \u0142ap, kt\u00f3re s\u0105 pokryte czarn\u0105 emali\u0105. Kasta posiada trzy kamienie o \u015brednicy 3mm,&nbsp; 1,20mm, istnieje mo\u017cliwo\u015b\u0107 osadzenia dowolnych kamieni, zgodnie z \u017cyczeniem klienta.<\/p>\n","protected":false},"featured_media":45829,"template":"","meta":{"_acf_changed":false},"product_brand":[],"product_cat":[523,524,527],"product_tag":[],"class_list":{"0":"post-45828","1":"product","2":"type-product","3":"status-publish","4":"has-post-thumbnail","6":"product_cat-engagement-rings-pl","7":"product_cat-engagement-rings-with-diamonds-pl","8":"product_cat-white-gold-engagement-rings-pl","10":"first","11":"instock","12":"product-type-simple"},"acf":[],"_links":{"self":[{"href":"https:\/\/zl.jewelry\/pl\/wp-json\/wp\/v2\/product\/45828","targetHints":{"allow":["GET"]}}],"collection":[{"href":"https:\/\/zl.jewelry\/pl\/wp-json\/wp\/v2\/product"}],"about":[{"href":"https:\/\/zl.jewelry\/pl\/wp-json\/wp\/v2\/types\/product"}],"wp:featuredmedia":[{"embeddable":true,"href":"https:\/\/zl.jewelry\/pl\/wp-json\/wp\/v2\/media\/45829"}],"wp:attachment":[{"href":"https:\/\/zl.jewelry\/pl\/wp-json\/wp\/v2\/media?parent=45828"}],"wp:term":[{"taxonomy":"product_brand","embeddable":true,"href":"https:\/\/zl.jewelry\/pl\/wp-json\/wp\/v2\/product_brand?post=45828"},{"taxonomy":"product_cat","embeddable":true,"href":"https:\/\/zl.jewelry\/pl\/wp-json\/wp\/v2\/product_cat?post=45828"},{"taxonomy":"product_tag","embeddable":true,"href":"https:\/\/zl.jewelry\/pl\/wp-json\/wp\/v2\/product_tag?post=45828"}],"curies":[{"name":"wp","href":"https:\/\/api.w.org\/{rel}","templated":true}]}}