{"id":45786,"date":"2025-06-18T10:56:21","date_gmt":"2025-06-18T10:56:21","guid":{"rendered":"https:\/\/zl.jewelry\/product\/ring-nut\/"},"modified":"2026-05-08T09:07:42","modified_gmt":"2026-05-08T09:07:42","slug":"ring-screw","status":"publish","type":"product","link":"https:\/\/zl.jewelry\/pl\/product\/ring-screw\/","title":{"rendered":"Pier\u015bcionek &#8222;\u015aruba&#8221;"},"content":{"rendered":"<p>Oryginalny m\u0119ski pier\u015bcionek z po\u0142\u0105czenia bia\u0142ego i czerwonego z\u0142ota, w kszta\u0142cie orzecha. Na przedniej stronie powierzchnia jest matowana, na ko\u0144cach osadzone s\u0105 kamienie o \u015brednicy oko\u0142o 1,5 mm, wewn\u0119trzna cz\u0119\u015b\u0107 wykonana jest z bia\u0142ego z\u0142ota, kt\u00f3re jest pokryte rodem. Waga r\u00f3\u017cni si\u0119 w zale\u017cno\u015bci od rozmiaru.<\/p>\n","protected":false},"excerpt":{"rendered":"<p>Oryginalny m\u0119ski pier\u015bcionek z po\u0142\u0105czenia bia\u0142ego i czerwonego z\u0142ota, w kszta\u0142cie orzecha. Na przedniej stronie powierzchnia jest matowana, na ko\u0144cach osadzone s\u0105 kamienie o \u015brednicy oko\u0142o 1,5 mm, wewn\u0119trzna cz\u0119\u015b\u0107 wykonana jest z bia\u0142ego z\u0142ota, kt\u00f3re jest pokryte rodem. Waga r\u00f3\u017cni si\u0119 w zale\u017cno\u015bci od rozmiaru.<\/p>\n","protected":false},"featured_media":45787,"template":"","meta":{"_acf_changed":false},"product_brand":[],"product_cat":[517,589],"product_tag":[],"class_list":{"0":"post-45786","1":"product","2":"type-product","3":"status-publish","4":"has-post-thumbnail","6":"product_cat-mens-rings-and-seals-pl","7":"product_cat-signet-rings-pl","9":"first","10":"instock","11":"product-type-simple"},"acf":[],"_links":{"self":[{"href":"https:\/\/zl.jewelry\/pl\/wp-json\/wp\/v2\/product\/45786","targetHints":{"allow":["GET"]}}],"collection":[{"href":"https:\/\/zl.jewelry\/pl\/wp-json\/wp\/v2\/product"}],"about":[{"href":"https:\/\/zl.jewelry\/pl\/wp-json\/wp\/v2\/types\/product"}],"wp:featuredmedia":[{"embeddable":true,"href":"https:\/\/zl.jewelry\/pl\/wp-json\/wp\/v2\/media\/45787"}],"wp:attachment":[{"href":"https:\/\/zl.jewelry\/pl\/wp-json\/wp\/v2\/media?parent=45786"}],"wp:term":[{"taxonomy":"product_brand","embeddable":true,"href":"https:\/\/zl.jewelry\/pl\/wp-json\/wp\/v2\/product_brand?post=45786"},{"taxonomy":"product_cat","embeddable":true,"href":"https:\/\/zl.jewelry\/pl\/wp-json\/wp\/v2\/product_cat?post=45786"},{"taxonomy":"product_tag","embeddable":true,"href":"https:\/\/zl.jewelry\/pl\/wp-json\/wp\/v2\/product_tag?post=45786"}],"curies":[{"name":"wp","href":"https:\/\/api.w.org\/{rel}","templated":true}]}}