{"id":45778,"date":"2025-06-18T10:56:21","date_gmt":"2025-06-18T10:56:21","guid":{"rendered":"https:\/\/zl.jewelry\/product\/chain-five-prayers-with-enamel\/"},"modified":"2025-09-26T18:27:24","modified_gmt":"2025-09-26T18:27:24","slug":"chain-five-prayers-with-enamel","status":"publish","type":"product","link":"https:\/\/zl.jewelry\/pl\/product\/chain-five-prayers-with-enamel\/","title":{"rendered":"\u0141a\u0144cuch &#8222;Five Prayers&#8221; z emaliowanymi kamieniami"},"content":{"rendered":"<p>Oryginalny \u0142a\u0144cuszek w kolorze czerwonego z\u0142ota z wk\u0142adkami modlitewnymi. Wstawki modlitewne pokryte s\u0105 czarn\u0105 emali\u0105. Zapi\u0119cie &#8211; karabi\u0144czyk, po obu stronach nak\u0142adki anielskie, obszar pod nak\u0142adkami pokryty czarn\u0105 emali\u0105. Waga w stosunku do wymiar&oacute;w.&nbsp;<\/p>\n<p>_x000D_<\/p>\n","protected":false},"excerpt":{"rendered":"<p>Oryginalny \u0142a\u0144cuszek w kolorze czerwonego z\u0142ota z wk\u0142adkami modlitewnymi. Wstawki modlitewne pokryte s\u0105 czarn\u0105 emali\u0105. Zapi\u0119cie &#8211; karabi\u0144czyk, po obu stronach nak\u0142adki anielskie, obszar pod nak\u0142adkami pokryty czarn\u0105 emali\u0105. Waga w stosunku do wymiar&oacute;w.&nbsp; _x000D_<\/p>\n","protected":false},"featured_media":45779,"template":"","meta":{"_acf_changed":false},"product_brand":[],"product_cat":[493,490,492],"product_tag":[],"class_list":{"0":"post-45778","1":"product","2":"type-product","3":"status-publish","4":"has-post-thumbnail","6":"product_cat-mens-chains-pl","7":"product_cat-gold-chains","8":"product_cat-gold-chain-from-50-gr-pl","10":"first","11":"instock","12":"product-type-simple"},"acf":[],"_links":{"self":[{"href":"https:\/\/zl.jewelry\/pl\/wp-json\/wp\/v2\/product\/45778","targetHints":{"allow":["GET"]}}],"collection":[{"href":"https:\/\/zl.jewelry\/pl\/wp-json\/wp\/v2\/product"}],"about":[{"href":"https:\/\/zl.jewelry\/pl\/wp-json\/wp\/v2\/types\/product"}],"wp:featuredmedia":[{"embeddable":true,"href":"https:\/\/zl.jewelry\/pl\/wp-json\/wp\/v2\/media\/45779"}],"wp:attachment":[{"href":"https:\/\/zl.jewelry\/pl\/wp-json\/wp\/v2\/media?parent=45778"}],"wp:term":[{"taxonomy":"product_brand","embeddable":true,"href":"https:\/\/zl.jewelry\/pl\/wp-json\/wp\/v2\/product_brand?post=45778"},{"taxonomy":"product_cat","embeddable":true,"href":"https:\/\/zl.jewelry\/pl\/wp-json\/wp\/v2\/product_cat?post=45778"},{"taxonomy":"product_tag","embeddable":true,"href":"https:\/\/zl.jewelry\/pl\/wp-json\/wp\/v2\/product_tag?post=45778"}],"curies":[{"name":"wp","href":"https:\/\/api.w.org\/{rel}","templated":true}]}}