{"id":45772,"date":"2025-06-18T10:56:21","date_gmt":"2025-06-18T10:56:21","guid":{"rendered":"https:\/\/zl.jewelry\/product\/chain-chopard-in-white-gold\/"},"modified":"2025-09-26T18:27:24","modified_gmt":"2025-09-26T18:27:24","slug":"chain-chopard-in-white-gold","status":"publish","type":"product","link":"https:\/\/zl.jewelry\/pl\/product\/chain-chopard-in-white-gold\/","title":{"rendered":"\u0141a\u0144cuszek &#8222;Shopard&#8221; z bia\u0142ego z\u0142ota"},"content":{"rendered":"<p>R\u0119cznie pleciony \u0142a\u0144cuszek &quot;Chopard&quot; z rodowanego bia\u0142ego z\u0142ota. Zapi\u0119cie karabi\u0144czyk, waga z\u0142ota zale\u017cy od d\u0142ugo\u015bci bi\u017cuterii. Wz&oacute;r mo\u017ce zosta\u0107 zmieniony na \u017cyczenie klienta.<\/p>\n<p>_x000D_<\/p>\n","protected":false},"excerpt":{"rendered":"<p>R\u0119cznie pleciony \u0142a\u0144cuszek &quot;Chopard&quot; z rodowanego bia\u0142ego z\u0142ota. Zapi\u0119cie karabi\u0144czyk, waga z\u0142ota zale\u017cy od d\u0142ugo\u015bci bi\u017cuterii. Wz&oacute;r mo\u017ce zosta\u0107 zmieniony na \u017cyczenie klienta. _x000D_<\/p>\n","protected":false},"featured_media":45773,"template":"","meta":{"_acf_changed":false},"product_brand":[],"product_cat":[490,491,495,493,494],"product_tag":[],"class_list":{"0":"post-45772","1":"product","2":"type-product","3":"status-publish","4":"has-post-thumbnail","6":"product_cat-gold-chains","7":"product_cat-chains-for-children-pl","8":"product_cat-gold-chains-up-to-50-gr-pl","9":"product_cat-mens-chains-pl","10":"product_cat-womens-chains-pl","12":"first","13":"instock","14":"product-type-simple"},"acf":[],"_links":{"self":[{"href":"https:\/\/zl.jewelry\/pl\/wp-json\/wp\/v2\/product\/45772","targetHints":{"allow":["GET"]}}],"collection":[{"href":"https:\/\/zl.jewelry\/pl\/wp-json\/wp\/v2\/product"}],"about":[{"href":"https:\/\/zl.jewelry\/pl\/wp-json\/wp\/v2\/types\/product"}],"wp:featuredmedia":[{"embeddable":true,"href":"https:\/\/zl.jewelry\/pl\/wp-json\/wp\/v2\/media\/45773"}],"wp:attachment":[{"href":"https:\/\/zl.jewelry\/pl\/wp-json\/wp\/v2\/media?parent=45772"}],"wp:term":[{"taxonomy":"product_brand","embeddable":true,"href":"https:\/\/zl.jewelry\/pl\/wp-json\/wp\/v2\/product_brand?post=45772"},{"taxonomy":"product_cat","embeddable":true,"href":"https:\/\/zl.jewelry\/pl\/wp-json\/wp\/v2\/product_cat?post=45772"},{"taxonomy":"product_tag","embeddable":true,"href":"https:\/\/zl.jewelry\/pl\/wp-json\/wp\/v2\/product_tag?post=45772"}],"curies":[{"name":"wp","href":"https:\/\/api.w.org\/{rel}","templated":true}]}}