{"id":45748,"date":"2025-06-18T10:56:27","date_gmt":"2025-06-18T10:56:27","guid":{"rendered":"https:\/\/zl.jewelry\/product\/chain-of-initials-d-and-t-and-family-crest\/"},"modified":"2025-09-26T18:27:32","modified_gmt":"2025-09-26T18:27:32","slug":"chain-of-initials-d-and-t-and-family-crest","status":"publish","type":"product","link":"https:\/\/zl.jewelry\/pl\/product\/chain-of-initials-d-and-t-and-family-crest\/","title":{"rendered":"\u0141a\u0144cuszek z inicja\u0142ami &#8222;D&#8221; i &#8222;T&#8221; oraz herbem rodzinnym"},"content":{"rendered":"<p>\u0141a\u0144cuszek z czerwonego z\u0142ota, naprzemienne ogniwa z inicja\u0142ami, bez. \u0141a\u0144cuch jest pokryty niello, zamek jest karabi\u0144czykiem, w \u015brodku z wizerunkiem chryzmy. Waga jest proporcjonalna do d\u0142ugo\u015bci.&nbsp;<\/p>\n","protected":false},"excerpt":{"rendered":"<p>\u0141a\u0144cuszek z czerwonego z\u0142ota, naprzemienne ogniwa z inicja\u0142ami, bez. \u0141a\u0144cuch jest pokryty niello, zamek jest karabi\u0144czykiem, w \u015brodku z wizerunkiem chryzmy. Waga jest proporcjonalna do d\u0142ugo\u015bci.&nbsp;<\/p>\n","protected":false},"featured_media":45749,"template":"","meta":{"_acf_changed":false},"product_brand":[],"product_cat":[490,492,493],"product_tag":[],"class_list":{"0":"post-45748","1":"product","2":"type-product","3":"status-publish","4":"has-post-thumbnail","6":"product_cat-gold-chains","7":"product_cat-gold-chain-from-50-gr-pl","8":"product_cat-mens-chains-pl","10":"first","11":"instock","12":"product-type-simple"},"acf":[],"_links":{"self":[{"href":"https:\/\/zl.jewelry\/pl\/wp-json\/wp\/v2\/product\/45748","targetHints":{"allow":["GET"]}}],"collection":[{"href":"https:\/\/zl.jewelry\/pl\/wp-json\/wp\/v2\/product"}],"about":[{"href":"https:\/\/zl.jewelry\/pl\/wp-json\/wp\/v2\/types\/product"}],"wp:featuredmedia":[{"embeddable":true,"href":"https:\/\/zl.jewelry\/pl\/wp-json\/wp\/v2\/media\/45749"}],"wp:attachment":[{"href":"https:\/\/zl.jewelry\/pl\/wp-json\/wp\/v2\/media?parent=45748"}],"wp:term":[{"taxonomy":"product_brand","embeddable":true,"href":"https:\/\/zl.jewelry\/pl\/wp-json\/wp\/v2\/product_brand?post=45748"},{"taxonomy":"product_cat","embeddable":true,"href":"https:\/\/zl.jewelry\/pl\/wp-json\/wp\/v2\/product_cat?post=45748"},{"taxonomy":"product_tag","embeddable":true,"href":"https:\/\/zl.jewelry\/pl\/wp-json\/wp\/v2\/product_tag?post=45748"}],"curies":[{"name":"wp","href":"https:\/\/api.w.org\/{rel}","templated":true}]}}