{"id":45744,"date":"2025-06-18T10:56:27","date_gmt":"2025-06-18T10:56:27","guid":{"rendered":"https:\/\/zl.jewelry\/product\/chain-somvol\/"},"modified":"2025-09-26T18:27:31","modified_gmt":"2025-09-26T18:27:31","slug":"chain-somvol","status":"publish","type":"product","link":"https:\/\/zl.jewelry\/pl\/product\/chain-somvol\/","title":{"rendered":"\u0141a\u0144cuszek &#8222;Somvol&#8221;"},"content":{"rendered":"<p>Z\u0142oty \u0142a\u0144cuszek w po\u0142\u0105czeniu czerwonego i bia\u0142ego z\u0142ota. Ogniwa z czerwonego z\u0142ota pokryte s\u0105 czarn\u0105 emali\u0105. Rodowane ogniwa z bia\u0142ego z\u0142ota. Waga jest zmienna w zale\u017cno\u015bci od rozmiaru. Wz&oacute;r mo\u017ce by\u0107 zmieniony zgodnie z \u017cyczeniem klienta.&nbsp;<\/p>\n<p>_x000D_<br \/>\n_x000D_<\/p>\n<p>.<\/p>\n<p>_x000D_<\/p>\n","protected":false},"excerpt":{"rendered":"<p>Z\u0142oty \u0142a\u0144cuszek w po\u0142\u0105czeniu czerwonego i bia\u0142ego z\u0142ota. Ogniwa z czerwonego z\u0142ota pokryte s\u0105 czarn\u0105 emali\u0105. Rodowane ogniwa z bia\u0142ego z\u0142ota. Waga jest zmienna w zale\u017cno\u015bci od rozmiaru. Wz&oacute;r mo\u017ce by\u0107 zmieniony zgodnie z \u017cyczeniem klienta.&nbsp; _x000D_ _x000D_ . _x000D_<\/p>\n","protected":false},"featured_media":61712,"template":"","meta":{"_acf_changed":false},"product_brand":[],"product_cat":[490,492,493],"product_tag":[],"class_list":{"0":"post-45744","1":"product","2":"type-product","3":"status-publish","4":"has-post-thumbnail","6":"product_cat-gold-chains","7":"product_cat-gold-chain-from-50-gr-pl","8":"product_cat-mens-chains-pl","10":"first","11":"instock","12":"product-type-simple"},"acf":[],"_links":{"self":[{"href":"https:\/\/zl.jewelry\/pl\/wp-json\/wp\/v2\/product\/45744","targetHints":{"allow":["GET"]}}],"collection":[{"href":"https:\/\/zl.jewelry\/pl\/wp-json\/wp\/v2\/product"}],"about":[{"href":"https:\/\/zl.jewelry\/pl\/wp-json\/wp\/v2\/types\/product"}],"wp:featuredmedia":[{"embeddable":true,"href":"https:\/\/zl.jewelry\/pl\/wp-json\/wp\/v2\/media\/61712"}],"wp:attachment":[{"href":"https:\/\/zl.jewelry\/pl\/wp-json\/wp\/v2\/media?parent=45744"}],"wp:term":[{"taxonomy":"product_brand","embeddable":true,"href":"https:\/\/zl.jewelry\/pl\/wp-json\/wp\/v2\/product_brand?post=45744"},{"taxonomy":"product_cat","embeddable":true,"href":"https:\/\/zl.jewelry\/pl\/wp-json\/wp\/v2\/product_cat?post=45744"},{"taxonomy":"product_tag","embeddable":true,"href":"https:\/\/zl.jewelry\/pl\/wp-json\/wp\/v2\/product_tag?post=45744"}],"curies":[{"name":"wp","href":"https:\/\/api.w.org\/{rel}","templated":true}]}}