{"id":45740,"date":"2025-06-18T10:56:27","date_gmt":"2025-06-18T10:56:27","guid":{"rendered":"https:\/\/zl.jewelry\/product\/chain-basilisk\/"},"modified":"2025-09-26T18:27:31","modified_gmt":"2025-09-26T18:27:31","slug":"chain-basilisk","status":"publish","type":"product","link":"https:\/\/zl.jewelry\/pl\/product\/chain-basilisk\/","title":{"rendered":"\u0141a\u0144cuch &#8222;Basilisk&#8221;"},"content":{"rendered":"<p>\u0141a\u0144cuch z czerwonego z\u0142ota z rodowanymi nak\u0142adkami z bia\u0142ego z\u0142ota. Waga r&oacute;\u017cni si\u0119 w zale\u017cno\u015bci od d\u0142ugo\u015bci. W \u0142a\u0144cuszku na ogniwach pereplitachnyh onlay z tsifra 7, i znak zodiaku Wodnik, s\u0105 te\u017c bary\u0142ki z wizerunkiem smoka, kt&oacute;re s\u0105 pokryte czarn\u0105 emali\u0105, na tych bary\u0142kach s\u0105 wstawki&nbsp;kamienie, \u015brednica 3mm (12 szt.), mog\u0105 by\u0107 ustawione dowolnie na \u017cyczenie klienta. Skrytka, okr\u0105g\u0142a, wykonana jest pod bary\u0142kami ze smokami.<\/p>\n<p>_x000D_<\/p>\n","protected":false},"excerpt":{"rendered":"<p>\u0141a\u0144cuch z czerwonego z\u0142ota z rodowanymi nak\u0142adkami z bia\u0142ego z\u0142ota. Waga r&oacute;\u017cni si\u0119 w zale\u017cno\u015bci od d\u0142ugo\u015bci. W \u0142a\u0144cuszku na ogniwach pereplitachnyh onlay z tsifra 7, i znak zodiaku Wodnik, s\u0105 te\u017c bary\u0142ki z wizerunkiem smoka, kt&oacute;re s\u0105 pokryte czarn\u0105 emali\u0105, na tych bary\u0142kach s\u0105 wstawki&nbsp;kamienie, \u015brednica 3mm (12 szt.), mog\u0105 by\u0107 ustawione dowolnie na&#8230;<\/p>\n","protected":false},"featured_media":45741,"template":"","meta":{"_acf_changed":false},"product_brand":[],"product_cat":[493,490,492],"product_tag":[],"class_list":{"0":"post-45740","1":"product","2":"type-product","3":"status-publish","4":"has-post-thumbnail","6":"product_cat-mens-chains-pl","7":"product_cat-gold-chains","8":"product_cat-gold-chain-from-50-gr-pl","10":"first","11":"instock","12":"product-type-simple"},"acf":[],"_links":{"self":[{"href":"https:\/\/zl.jewelry\/pl\/wp-json\/wp\/v2\/product\/45740","targetHints":{"allow":["GET"]}}],"collection":[{"href":"https:\/\/zl.jewelry\/pl\/wp-json\/wp\/v2\/product"}],"about":[{"href":"https:\/\/zl.jewelry\/pl\/wp-json\/wp\/v2\/types\/product"}],"wp:featuredmedia":[{"embeddable":true,"href":"https:\/\/zl.jewelry\/pl\/wp-json\/wp\/v2\/media\/45741"}],"wp:attachment":[{"href":"https:\/\/zl.jewelry\/pl\/wp-json\/wp\/v2\/media?parent=45740"}],"wp:term":[{"taxonomy":"product_brand","embeddable":true,"href":"https:\/\/zl.jewelry\/pl\/wp-json\/wp\/v2\/product_brand?post=45740"},{"taxonomy":"product_cat","embeddable":true,"href":"https:\/\/zl.jewelry\/pl\/wp-json\/wp\/v2\/product_cat?post=45740"},{"taxonomy":"product_tag","embeddable":true,"href":"https:\/\/zl.jewelry\/pl\/wp-json\/wp\/v2\/product_tag?post=45740"}],"curies":[{"name":"wp","href":"https:\/\/api.w.org\/{rel}","templated":true}]}}