{"id":45730,"date":"2025-06-18T10:56:27","date_gmt":"2025-06-18T10:56:27","guid":{"rendered":"https:\/\/zl.jewelry\/product\/chain-fox-tail-in-red-gold\/"},"modified":"2025-09-26T18:27:30","modified_gmt":"2025-09-26T18:27:30","slug":"chain-fox-tail-in-red-gold","status":"publish","type":"product","link":"https:\/\/zl.jewelry\/pl\/product\/chain-fox-tail-in-red-gold\/","title":{"rendered":"\u0141a\u0144cuch &#8222;Lisi ogon&#8221; w kolorze czerwonego z\u0142ota"},"content":{"rendered":"<p>R\u0119cznie pleciony \u0142a\u0144cuszek &quot;Byzantine&quot;, &quot;Foxtail&quot; w kolorze czerwonego z\u0142ota. Zapi\u0119cie to karabi\u0144czyk z wizerunkiem poczwarki. Waga jest proporcjonalna do d\u0142ugo\u015bci bi\u017cuterii.<\/p>\n<p>_x000D_<\/p>\n","protected":false},"excerpt":{"rendered":"<p>R\u0119cznie pleciony \u0142a\u0144cuszek &quot;Byzantine&quot;, &quot;Foxtail&quot; w kolorze czerwonego z\u0142ota. Zapi\u0119cie to karabi\u0144czyk z wizerunkiem poczwarki. Waga jest proporcjonalna do d\u0142ugo\u015bci bi\u017cuterii. _x000D_<\/p>\n","protected":false},"featured_media":45731,"template":"","meta":{"_acf_changed":false},"product_brand":[],"product_cat":[490,495,493,494],"product_tag":[],"class_list":{"0":"post-45730","1":"product","2":"type-product","3":"status-publish","4":"has-post-thumbnail","6":"product_cat-gold-chains","7":"product_cat-gold-chains-up-to-50-gr-pl","8":"product_cat-mens-chains-pl","9":"product_cat-womens-chains-pl","11":"first","12":"instock","13":"product-type-simple"},"acf":[],"_links":{"self":[{"href":"https:\/\/zl.jewelry\/pl\/wp-json\/wp\/v2\/product\/45730","targetHints":{"allow":["GET"]}}],"collection":[{"href":"https:\/\/zl.jewelry\/pl\/wp-json\/wp\/v2\/product"}],"about":[{"href":"https:\/\/zl.jewelry\/pl\/wp-json\/wp\/v2\/types\/product"}],"wp:featuredmedia":[{"embeddable":true,"href":"https:\/\/zl.jewelry\/pl\/wp-json\/wp\/v2\/media\/45731"}],"wp:attachment":[{"href":"https:\/\/zl.jewelry\/pl\/wp-json\/wp\/v2\/media?parent=45730"}],"wp:term":[{"taxonomy":"product_brand","embeddable":true,"href":"https:\/\/zl.jewelry\/pl\/wp-json\/wp\/v2\/product_brand?post=45730"},{"taxonomy":"product_cat","embeddable":true,"href":"https:\/\/zl.jewelry\/pl\/wp-json\/wp\/v2\/product_cat?post=45730"},{"taxonomy":"product_tag","embeddable":true,"href":"https:\/\/zl.jewelry\/pl\/wp-json\/wp\/v2\/product_tag?post=45730"}],"curies":[{"name":"wp","href":"https:\/\/api.w.org\/{rel}","templated":true}]}}