{"id":45713,"date":"2025-06-18T10:56:33","date_gmt":"2025-06-18T10:56:33","guid":{"rendered":"https:\/\/zl.jewelry\/product\/wedding-ring-white-classic\/"},"modified":"2025-09-26T18:27:36","modified_gmt":"2025-09-26T18:27:36","slug":"wedding-ring-white-classic","status":"publish","type":"product","link":"https:\/\/zl.jewelry\/pl\/product\/wedding-ring-white-classic\/","title":{"rendered":"Pier\u015bcionek zar\u0119czynowy &#8222;White Classic&#8221;"},"content":{"rendered":"<p>Pier\u015bcionek z czerwonego z\u0142ota. Waga r&oacute;\u017cni si\u0119 w zale\u017cno\u015bci od rozmiapl. Bia\u0142a emalia na przedniej stronie pier\u015bcionka, z wyj\u0105tkiem miejsca z plamkami.<\/p>\n<p>_x000D_<\/p>\n","protected":false},"excerpt":{"rendered":"<p>Pier\u015bcionek z czerwonego z\u0142ota. Waga r&oacute;\u017cni si\u0119 w zale\u017cno\u015bci od rozmiapl. Bia\u0142a emalia na przedniej stronie pier\u015bcionka, z wyj\u0105tkiem miejsca z plamkami. _x000D_<\/p>\n","protected":false},"featured_media":45714,"template":"","meta":{"_acf_changed":false},"product_brand":[],"product_cat":[535,528,533,537],"product_tag":[],"class_list":{"0":"post-45713","1":"product","2":"type-product","3":"status-publish","4":"has-post-thumbnail","6":"product_cat-wedding-rings-with-diamonds-pl","7":"product_cat-wedding-rings-pl","8":"product_cat-red-gold-wedding-rings-pl","9":"product_cat-with-rocks-4-pl","11":"first","12":"instock","13":"product-type-simple"},"acf":[],"_links":{"self":[{"href":"https:\/\/zl.jewelry\/pl\/wp-json\/wp\/v2\/product\/45713","targetHints":{"allow":["GET"]}}],"collection":[{"href":"https:\/\/zl.jewelry\/pl\/wp-json\/wp\/v2\/product"}],"about":[{"href":"https:\/\/zl.jewelry\/pl\/wp-json\/wp\/v2\/types\/product"}],"wp:featuredmedia":[{"embeddable":true,"href":"https:\/\/zl.jewelry\/pl\/wp-json\/wp\/v2\/media\/45714"}],"wp:attachment":[{"href":"https:\/\/zl.jewelry\/pl\/wp-json\/wp\/v2\/media?parent=45713"}],"wp:term":[{"taxonomy":"product_brand","embeddable":true,"href":"https:\/\/zl.jewelry\/pl\/wp-json\/wp\/v2\/product_brand?post=45713"},{"taxonomy":"product_cat","embeddable":true,"href":"https:\/\/zl.jewelry\/pl\/wp-json\/wp\/v2\/product_cat?post=45713"},{"taxonomy":"product_tag","embeddable":true,"href":"https:\/\/zl.jewelry\/pl\/wp-json\/wp\/v2\/product_tag?post=45713"}],"curies":[{"name":"wp","href":"https:\/\/api.w.org\/{rel}","templated":true}]}}