{"id":45707,"date":"2025-06-18T10:56:33","date_gmt":"2025-06-18T10:56:33","guid":{"rendered":"https:\/\/zl.jewelry\/product\/ring-secret-meaning\/"},"modified":"2025-09-26T18:27:36","modified_gmt":"2025-09-26T18:27:36","slug":"ring-secret-meaning","status":"publish","type":"product","link":"https:\/\/zl.jewelry\/pl\/product\/ring-secret-meaning\/","title":{"rendered":"Pier\u015bcionek &#8222;Sekretne znaczenie&#8221;"},"content":{"rendered":"<p>Pier\u015bcionek z\u0142oty w kolorze cytrynowym, masa jubilerska zmienia si\u0119 w zale\u017cno\u015bci od rozmiapl. Szeroko\u015b\u0107 pier\u015bcionka wynosi 5,3 mm. Na przedniej stronie, na ca\u0142ej \u015brednicy, znajduj\u0105 si\u0119 symbole, ornamenty.<\/p>\n<p>_x000D_<br \/>\n_x000D_<\/p>\n<p>&nbsp;<\/p>\n<p>_x000D_<\/p>\n","protected":false},"excerpt":{"rendered":"<p>Pier\u015bcionek z\u0142oty w kolorze cytrynowym, masa jubilerska zmienia si\u0119 w zale\u017cno\u015bci od rozmiapl. Szeroko\u015b\u0107 pier\u015bcionka wynosi 5,3 mm. Na przedniej stronie, na ca\u0142ej \u015brednicy, znajduj\u0105 si\u0119 symbole, ornamenty. _x000D_ _x000D_ &nbsp; _x000D_<\/p>\n","protected":false},"featured_media":48537,"template":"","meta":{"_acf_changed":false},"product_brand":[],"product_cat":[528,517,588,532],"product_tag":[],"class_list":{"0":"post-45707","1":"product","2":"type-product","3":"status-publish","4":"has-post-thumbnail","6":"product_cat-wedding-rings-pl","7":"product_cat-mens-rings-and-seals-pl","8":"product_cat-smooth-rings-pl","9":"product_cat-lemon-gold-wedding-rings-pl","11":"first","12":"instock","13":"product-type-simple"},"acf":[],"_links":{"self":[{"href":"https:\/\/zl.jewelry\/pl\/wp-json\/wp\/v2\/product\/45707","targetHints":{"allow":["GET"]}}],"collection":[{"href":"https:\/\/zl.jewelry\/pl\/wp-json\/wp\/v2\/product"}],"about":[{"href":"https:\/\/zl.jewelry\/pl\/wp-json\/wp\/v2\/types\/product"}],"wp:featuredmedia":[{"embeddable":true,"href":"https:\/\/zl.jewelry\/pl\/wp-json\/wp\/v2\/media\/48537"}],"wp:attachment":[{"href":"https:\/\/zl.jewelry\/pl\/wp-json\/wp\/v2\/media?parent=45707"}],"wp:term":[{"taxonomy":"product_brand","embeddable":true,"href":"https:\/\/zl.jewelry\/pl\/wp-json\/wp\/v2\/product_brand?post=45707"},{"taxonomy":"product_cat","embeddable":true,"href":"https:\/\/zl.jewelry\/pl\/wp-json\/wp\/v2\/product_cat?post=45707"},{"taxonomy":"product_tag","embeddable":true,"href":"https:\/\/zl.jewelry\/pl\/wp-json\/wp\/v2\/product_tag?post=45707"}],"curies":[{"name":"wp","href":"https:\/\/api.w.org\/{rel}","templated":true}]}}