{"id":45701,"date":"2025-06-18T10:56:33","date_gmt":"2025-06-18T10:56:33","guid":{"rendered":"https:\/\/zl.jewelry\/product\/ring-minimal\/"},"modified":"2025-09-26T18:27:35","modified_gmt":"2025-09-26T18:27:35","slug":"ring-minimal","status":"publish","type":"product","link":"https:\/\/zl.jewelry\/pl\/product\/ring-minimal\/","title":{"rendered":"Pier\u015bcionek &#8222;Minimal&#8221;"},"content":{"rendered":"<p>Marine&nbsp;Sygnet z&#038;nbspczerwonego z\u0142ota, waga r\u00f3\u017cni si\u0119 w&#038;nbspzale\u017cno\u015bci od rozmiaru. Sygnet posiada obrotow\u0105 cz\u0119\u015b\u0107 \u015brodkow\u0105, z&#038;nbspjednej strony napis &quot;CHIEF OFFICER&quot;, kt\u00f3ry pokryty jest czarn\u0105 emali\u0105, z&#038;nbspdrugiej strony r\u00f3\u017ca wiatr\u00f3w. Po bokach z jednej strony znajduje si\u0119 nak\u0142adka z kotwic\u0105, a z drugiej r\u00f3\u017ca wiatr\u00f3w.&nbsp; ze \u015brub\u0105 po drugiej stronie. Na dolnej przedniej cz\u0119\u015bci uchwytu inicja\u0142y klienta pokryte emali\u0105 w kolorze szarym. Nak\u0142adka na strony \u015bwiata, r\u00f3\u017ca wiatr\u00f3w, gwinty, kotwica i \u015bruba z bia\u0142ego z\u0142ota pokrytego rodem.&nbsp;<\/p>\n","protected":false},"excerpt":{"rendered":"<p>Marine&nbsp;Sygnet z&#038;nbspczerwonego z\u0142ota, waga r\u00f3\u017cni si\u0119 w&#038;nbspzale\u017cno\u015bci od rozmiaru. Sygnet posiada obrotow\u0105 cz\u0119\u015b\u0107 \u015brodkow\u0105, z&#038;nbspjednej strony napis &quot;CHIEF OFFICER&quot;, kt\u00f3ry pokryty jest czarn\u0105 emali\u0105, z&#038;nbspdrugiej strony r\u00f3\u017ca wiatr\u00f3w. Po bokach z jednej strony znajduje si\u0119 nak\u0142adka z kotwic\u0105, a z drugiej r\u00f3\u017ca wiatr\u00f3w.&nbsp; ze \u015brub\u0105 po drugiej stronie. Na dolnej przedniej cz\u0119\u015bci uchwytu inicja\u0142y klienta&#8230;<\/p>\n","protected":false},"featured_media":49149,"template":"","meta":{"_acf_changed":false},"product_brand":[],"product_cat":[517,589],"product_tag":[],"class_list":{"0":"post-45701","1":"product","2":"type-product","3":"status-publish","4":"has-post-thumbnail","6":"product_cat-mens-rings-and-seals-pl","7":"product_cat-signet-rings-pl","9":"first","10":"instock","11":"product-type-simple"},"acf":[],"_links":{"self":[{"href":"https:\/\/zl.jewelry\/pl\/wp-json\/wp\/v2\/product\/45701","targetHints":{"allow":["GET"]}}],"collection":[{"href":"https:\/\/zl.jewelry\/pl\/wp-json\/wp\/v2\/product"}],"about":[{"href":"https:\/\/zl.jewelry\/pl\/wp-json\/wp\/v2\/types\/product"}],"wp:featuredmedia":[{"embeddable":true,"href":"https:\/\/zl.jewelry\/pl\/wp-json\/wp\/v2\/media\/49149"}],"wp:attachment":[{"href":"https:\/\/zl.jewelry\/pl\/wp-json\/wp\/v2\/media?parent=45701"}],"wp:term":[{"taxonomy":"product_brand","embeddable":true,"href":"https:\/\/zl.jewelry\/pl\/wp-json\/wp\/v2\/product_brand?post=45701"},{"taxonomy":"product_cat","embeddable":true,"href":"https:\/\/zl.jewelry\/pl\/wp-json\/wp\/v2\/product_cat?post=45701"},{"taxonomy":"product_tag","embeddable":true,"href":"https:\/\/zl.jewelry\/pl\/wp-json\/wp\/v2\/product_tag?post=45701"}],"curies":[{"name":"wp","href":"https:\/\/api.w.org\/{rel}","templated":true}]}}