{"id":45699,"date":"2025-06-18T10:56:33","date_gmt":"2025-06-18T10:56:33","guid":{"rendered":"https:\/\/zl.jewelry\/product\/wedding-ring-tree-of-life\/"},"modified":"2025-09-26T18:27:35","modified_gmt":"2025-09-26T18:27:35","slug":"wedding-ring-tree-of-life","status":"publish","type":"product","link":"https:\/\/zl.jewelry\/pl\/product\/wedding-ring-tree-of-life\/","title":{"rendered":"Obr\u0105czka \u015blubna &#8222;Drzewo \u017bycia&#8221;"},"content":{"rendered":"<p>Obr\u0105czki \u015blubne z czerwonego z\u0142ota, we wz&oacute;r sparowanego drzewa. Waga z\u0142ota r&oacute;\u017cni si\u0119 w zale\u017cno\u015bci od rozmiapl, obr\u0105czki maj\u0105 9 mm szeroko\u015bci. Powierzchnia, na kt&oacute;rej znajduje si\u0119 wz&oacute;r jest poczerniona, aby podkre\u015bli\u0107 wizeplnek.<\/p>\n<p>_x000D_<\/p>\n","protected":false},"excerpt":{"rendered":"<p>Obr\u0105czki \u015blubne z czerwonego z\u0142ota, we wz&oacute;r sparowanego drzewa. Waga z\u0142ota r&oacute;\u017cni si\u0119 w zale\u017cno\u015bci od rozmiapl, obr\u0105czki maj\u0105 9 mm szeroko\u015bci. Powierzchnia, na kt&oacute;rej znajduje si\u0119 wz&oacute;r jest poczerniona, aby podkre\u015bli\u0107 wizeplnek. _x000D_<\/p>\n","protected":false},"featured_media":45700,"template":"","meta":{"_acf_changed":false},"product_brand":[],"product_cat":[528,533,537,535,531],"product_tag":[],"class_list":{"0":"post-45699","1":"product","2":"type-product","3":"status-publish","4":"has-post-thumbnail","6":"product_cat-wedding-rings-pl","7":"product_cat-red-gold-wedding-rings-pl","8":"product_cat-with-rocks-4-pl","9":"product_cat-wedding-rings-with-diamonds-pl","10":"product_cat-elite-wedding-rings-pl","12":"first","13":"instock","14":"product-type-simple"},"acf":[],"_links":{"self":[{"href":"https:\/\/zl.jewelry\/pl\/wp-json\/wp\/v2\/product\/45699","targetHints":{"allow":["GET"]}}],"collection":[{"href":"https:\/\/zl.jewelry\/pl\/wp-json\/wp\/v2\/product"}],"about":[{"href":"https:\/\/zl.jewelry\/pl\/wp-json\/wp\/v2\/types\/product"}],"wp:featuredmedia":[{"embeddable":true,"href":"https:\/\/zl.jewelry\/pl\/wp-json\/wp\/v2\/media\/45700"}],"wp:attachment":[{"href":"https:\/\/zl.jewelry\/pl\/wp-json\/wp\/v2\/media?parent=45699"}],"wp:term":[{"taxonomy":"product_brand","embeddable":true,"href":"https:\/\/zl.jewelry\/pl\/wp-json\/wp\/v2\/product_brand?post=45699"},{"taxonomy":"product_cat","embeddable":true,"href":"https:\/\/zl.jewelry\/pl\/wp-json\/wp\/v2\/product_cat?post=45699"},{"taxonomy":"product_tag","embeddable":true,"href":"https:\/\/zl.jewelry\/pl\/wp-json\/wp\/v2\/product_tag?post=45699"}],"curies":[{"name":"wp","href":"https:\/\/api.w.org\/{rel}","templated":true}]}}