{"id":45693,"date":"2025-06-18T10:56:33","date_gmt":"2025-06-18T10:56:33","guid":{"rendered":"https:\/\/zl.jewelry\/product\/chain-bit-with-initials\/"},"modified":"2025-09-26T18:27:34","modified_gmt":"2025-09-26T18:27:34","slug":"chain-bit-with-initials","status":"publish","type":"product","link":"https:\/\/zl.jewelry\/pl\/product\/chain-bit-with-initials\/","title":{"rendered":"\u0141a\u0144cuch &#8222;Initialed Bit&#8221;"},"content":{"rendered":"<p>\u0141a\u0144cuszek z kombinacji metali, cytrynu i bia\u0142ego z\u0142ota, cz\u0119\u015bci z bia\u0142ego z\u0142ota pokryte rodem. Waga jest proporcjonalna do d\u0142ugo\u015bci elementu. Zapi\u0119cie to wzmocniony karabi\u0144czyk z inicja\u0142ami na ko\u0144cach.&nbsp;<\/p>\n<p>_x000D_<\/p>\n","protected":false},"excerpt":{"rendered":"<p>\u0141a\u0144cuszek z kombinacji metali, cytrynu i bia\u0142ego z\u0142ota, cz\u0119\u015bci z bia\u0142ego z\u0142ota pokryte rodem. Waga jest proporcjonalna do d\u0142ugo\u015bci elementu. Zapi\u0119cie to wzmocniony karabi\u0144czyk z inicja\u0142ami na ko\u0144cach.&nbsp; _x000D_<\/p>\n","protected":false},"featured_media":45694,"template":"","meta":{"_acf_changed":false},"product_brand":[],"product_cat":[490,495,493],"product_tag":[],"class_list":{"0":"post-45693","1":"product","2":"type-product","3":"status-publish","4":"has-post-thumbnail","6":"product_cat-gold-chains","7":"product_cat-gold-chains-up-to-50-gr-pl","8":"product_cat-mens-chains-pl","10":"first","11":"instock","12":"product-type-simple"},"acf":[],"_links":{"self":[{"href":"https:\/\/zl.jewelry\/pl\/wp-json\/wp\/v2\/product\/45693","targetHints":{"allow":["GET"]}}],"collection":[{"href":"https:\/\/zl.jewelry\/pl\/wp-json\/wp\/v2\/product"}],"about":[{"href":"https:\/\/zl.jewelry\/pl\/wp-json\/wp\/v2\/types\/product"}],"wp:featuredmedia":[{"embeddable":true,"href":"https:\/\/zl.jewelry\/pl\/wp-json\/wp\/v2\/media\/45694"}],"wp:attachment":[{"href":"https:\/\/zl.jewelry\/pl\/wp-json\/wp\/v2\/media?parent=45693"}],"wp:term":[{"taxonomy":"product_brand","embeddable":true,"href":"https:\/\/zl.jewelry\/pl\/wp-json\/wp\/v2\/product_brand?post=45693"},{"taxonomy":"product_cat","embeddable":true,"href":"https:\/\/zl.jewelry\/pl\/wp-json\/wp\/v2\/product_cat?post=45693"},{"taxonomy":"product_tag","embeddable":true,"href":"https:\/\/zl.jewelry\/pl\/wp-json\/wp\/v2\/product_tag?post=45693"}],"curies":[{"name":"wp","href":"https:\/\/api.w.org\/{rel}","templated":true}]}}