{"id":45687,"date":"2025-06-18T10:56:33","date_gmt":"2025-06-18T10:56:33","guid":{"rendered":"https:\/\/zl.jewelry\/product\/wedding-rings-eternity\/"},"modified":"2025-09-26T18:27:34","modified_gmt":"2025-09-26T18:27:34","slug":"wedding-rings-eternity","status":"publish","type":"product","link":"https:\/\/zl.jewelry\/pl\/product\/wedding-rings-eternity\/","title":{"rendered":"Obr\u0105czki \u015blubne &#8222;Wieczno\u015b\u0107&#8221;"},"content":{"rendered":"<p>Pier\u015bcionki zar\u0119czynowe z czerwonego z\u0142ota&nbsp;z czarn\u0105 emali\u0105. Waga zale\u017cy od rozmiaru pier\u015bcionk\u00f3w. Na przedniej stronie znajduje si\u0119 czarna emalia wzd\u0142u\u017c linii rantu. Obr\u0105czka m\u0119ska jest g\u0142adka, a na obr\u0105czce damskiej po bokach znajduje si\u0119 rozrzut kamieni o \u015brednicy 1,50 mm. W wewn\u0119trznej cz\u0119\u015bci, wzd\u0142u\u017c \u015brodkowej linii wymodelowano dat\u0119, kt\u00f3r\u0105 pokryto niello. Szeroko\u015b\u0107 obr\u0105czek wynosi oko\u0142o 7mm.&nbsp;<\/p>\n","protected":false},"excerpt":{"rendered":"<p>Pier\u015bcionki zar\u0119czynowe z czerwonego z\u0142ota&nbsp;z czarn\u0105 emali\u0105. Waga zale\u017cy od rozmiaru pier\u015bcionk\u00f3w. Na przedniej stronie znajduje si\u0119 czarna emalia wzd\u0142u\u017c linii rantu. Obr\u0105czka m\u0119ska jest g\u0142adka, a na obr\u0105czce damskiej po bokach znajduje si\u0119 rozrzut kamieni o \u015brednicy 1,50 mm. W wewn\u0119trznej cz\u0119\u015bci, wzd\u0142u\u017c \u015brodkowej linii wymodelowano dat\u0119, kt\u00f3r\u0105 pokryto niello. Szeroko\u015b\u0107 obr\u0105czek wynosi oko\u0142o&#8230;<\/p>\n","protected":false},"featured_media":45688,"template":"","meta":{"_acf_changed":false},"product_brand":[],"product_cat":[528,533,537,535],"product_tag":[],"class_list":{"0":"post-45687","1":"product","2":"type-product","3":"status-publish","4":"has-post-thumbnail","6":"product_cat-wedding-rings-pl","7":"product_cat-red-gold-wedding-rings-pl","8":"product_cat-with-rocks-4-pl","9":"product_cat-wedding-rings-with-diamonds-pl","11":"first","12":"instock","13":"product-type-simple"},"acf":[],"_links":{"self":[{"href":"https:\/\/zl.jewelry\/pl\/wp-json\/wp\/v2\/product\/45687","targetHints":{"allow":["GET"]}}],"collection":[{"href":"https:\/\/zl.jewelry\/pl\/wp-json\/wp\/v2\/product"}],"about":[{"href":"https:\/\/zl.jewelry\/pl\/wp-json\/wp\/v2\/types\/product"}],"wp:featuredmedia":[{"embeddable":true,"href":"https:\/\/zl.jewelry\/pl\/wp-json\/wp\/v2\/media\/45688"}],"wp:attachment":[{"href":"https:\/\/zl.jewelry\/pl\/wp-json\/wp\/v2\/media?parent=45687"}],"wp:term":[{"taxonomy":"product_brand","embeddable":true,"href":"https:\/\/zl.jewelry\/pl\/wp-json\/wp\/v2\/product_brand?post=45687"},{"taxonomy":"product_cat","embeddable":true,"href":"https:\/\/zl.jewelry\/pl\/wp-json\/wp\/v2\/product_cat?post=45687"},{"taxonomy":"product_tag","embeddable":true,"href":"https:\/\/zl.jewelry\/pl\/wp-json\/wp\/v2\/product_tag?post=45687"}],"curies":[{"name":"wp","href":"https:\/\/api.w.org\/{rel}","templated":true}]}}