{"id":45685,"date":"2025-06-18T10:56:33","date_gmt":"2025-06-18T10:56:33","guid":{"rendered":"https:\/\/zl.jewelry\/product\/elegant-anchor-chain\/"},"modified":"2025-09-26T18:27:34","modified_gmt":"2025-09-26T18:27:34","slug":"elegant-anchor-chain","status":"publish","type":"product","link":"https:\/\/zl.jewelry\/pl\/product\/elegant-anchor-chain\/","title":{"rendered":"Elegancki \u0142a\u0144cuszek z kotwic\u0105"},"content":{"rendered":"","protected":false},"excerpt":{"rendered":"","protected":false},"featured_media":45686,"template":"","meta":{"_acf_changed":false},"product_brand":[],"product_cat":[490,491,495,494],"product_tag":[],"class_list":{"0":"post-45685","1":"product","2":"type-product","3":"status-publish","4":"has-post-thumbnail","6":"product_cat-gold-chains","7":"product_cat-chains-for-children-pl","8":"product_cat-gold-chains-up-to-50-gr-pl","9":"product_cat-womens-chains-pl","11":"first","12":"instock","13":"product-type-simple"},"acf":[],"_links":{"self":[{"href":"https:\/\/zl.jewelry\/pl\/wp-json\/wp\/v2\/product\/45685","targetHints":{"allow":["GET"]}}],"collection":[{"href":"https:\/\/zl.jewelry\/pl\/wp-json\/wp\/v2\/product"}],"about":[{"href":"https:\/\/zl.jewelry\/pl\/wp-json\/wp\/v2\/types\/product"}],"wp:featuredmedia":[{"embeddable":true,"href":"https:\/\/zl.jewelry\/pl\/wp-json\/wp\/v2\/media\/45686"}],"wp:attachment":[{"href":"https:\/\/zl.jewelry\/pl\/wp-json\/wp\/v2\/media?parent=45685"}],"wp:term":[{"taxonomy":"product_brand","embeddable":true,"href":"https:\/\/zl.jewelry\/pl\/wp-json\/wp\/v2\/product_brand?post=45685"},{"taxonomy":"product_cat","embeddable":true,"href":"https:\/\/zl.jewelry\/pl\/wp-json\/wp\/v2\/product_cat?post=45685"},{"taxonomy":"product_tag","embeddable":true,"href":"https:\/\/zl.jewelry\/pl\/wp-json\/wp\/v2\/product_tag?post=45685"}],"curies":[{"name":"wp","href":"https:\/\/api.w.org\/{rel}","templated":true}]}}