{"id":45683,"date":"2025-06-18T10:56:33","date_gmt":"2025-06-18T10:56:33","guid":{"rendered":"https:\/\/zl.jewelry\/product\/chain-basilisk-with-stones\/"},"modified":"2025-09-26T18:27:33","modified_gmt":"2025-09-26T18:27:33","slug":"chain-basilisk-with-stones","status":"publish","type":"product","link":"https:\/\/zl.jewelry\/pl\/product\/chain-basilisk-with-stones\/","title":{"rendered":"\u0141a\u0144cuszek &#8222;Basilisk&#8221; z kamieniami"},"content":{"rendered":"<p>\u0141a\u0144cuszek z czerwonego z\u0142ota, z wizerunkami smok&oacute;w, waga zale\u017cy od d\u0142ugo\u015bci bi\u017cuterii. \u0141a\u0144cuszek wysadzany jest kamieniami o \u015brednicy 3.00mm (98szt); 2.00mm (14szt). Wstawki z wizerunkiem smok&oacute;w pokryte s\u0105 czarn\u0105 emali\u0105. Zapi\u0119cie&nbsp; &#8211; pude\u0142eczko o okr\u0105g\u0142ym kszta\u0142cie, wykonane pod wk\u0142adk\u0119 ze smokami.<\/p>\n<p>_x000D_<\/p>\n","protected":false},"excerpt":{"rendered":"<p>\u0141a\u0144cuszek z czerwonego z\u0142ota, z wizerunkami smok&oacute;w, waga zale\u017cy od d\u0142ugo\u015bci bi\u017cuterii. \u0141a\u0144cuszek wysadzany jest kamieniami o \u015brednicy 3.00mm (98szt); 2.00mm (14szt). Wstawki z wizerunkiem smok&oacute;w pokryte s\u0105 czarn\u0105 emali\u0105. Zapi\u0119cie&nbsp; &#8211; pude\u0142eczko o okr\u0105g\u0142ym kszta\u0142cie, wykonane pod wk\u0142adk\u0119 ze smokami. _x000D_<\/p>\n","protected":false},"featured_media":45684,"template":"","meta":{"_acf_changed":false},"product_brand":[],"product_cat":[490,492,493,494],"product_tag":[],"class_list":{"0":"post-45683","1":"product","2":"type-product","3":"status-publish","4":"has-post-thumbnail","6":"product_cat-gold-chains","7":"product_cat-gold-chain-from-50-gr-pl","8":"product_cat-mens-chains-pl","9":"product_cat-womens-chains-pl","11":"first","12":"instock","13":"product-type-simple"},"acf":[],"_links":{"self":[{"href":"https:\/\/zl.jewelry\/pl\/wp-json\/wp\/v2\/product\/45683","targetHints":{"allow":["GET"]}}],"collection":[{"href":"https:\/\/zl.jewelry\/pl\/wp-json\/wp\/v2\/product"}],"about":[{"href":"https:\/\/zl.jewelry\/pl\/wp-json\/wp\/v2\/types\/product"}],"wp:featuredmedia":[{"embeddable":true,"href":"https:\/\/zl.jewelry\/pl\/wp-json\/wp\/v2\/media\/45684"}],"wp:attachment":[{"href":"https:\/\/zl.jewelry\/pl\/wp-json\/wp\/v2\/media?parent=45683"}],"wp:term":[{"taxonomy":"product_brand","embeddable":true,"href":"https:\/\/zl.jewelry\/pl\/wp-json\/wp\/v2\/product_brand?post=45683"},{"taxonomy":"product_cat","embeddable":true,"href":"https:\/\/zl.jewelry\/pl\/wp-json\/wp\/v2\/product_cat?post=45683"},{"taxonomy":"product_tag","embeddable":true,"href":"https:\/\/zl.jewelry\/pl\/wp-json\/wp\/v2\/product_tag?post=45683"}],"curies":[{"name":"wp","href":"https:\/\/api.w.org\/{rel}","templated":true}]}}