{"id":45675,"date":"2025-06-18T10:56:40","date_gmt":"2025-06-18T10:56:40","guid":{"rendered":"https:\/\/zl.jewelry\/product\/ring-initials\/"},"modified":"2025-09-26T18:27:42","modified_gmt":"2025-09-26T18:27:42","slug":"ring-initials","status":"publish","type":"product","link":"https:\/\/zl.jewelry\/pl\/product\/ring-initials\/","title":{"rendered":"Pier\u015bcionek &#8222;Inicja\u0142y&#8221;"},"content":{"rendered":"<p>Pier\u015bcionek z czerwonego z\u0142ota pr&oacute;by 585*, pier\u015bcionek ma 6-7mm szeroko\u015bci. Przy rozmiarze 19 waga z\u0142ota wynosi 6,26 grama. Kamienie diamentowe 1,5mm &#8211; 78szt, 1,25mm &#8211; 3szt, 1mm &#8211; 9szt.<\/p>\n<p>_x000D_<\/p>\n","protected":false},"excerpt":{"rendered":"<p>Pier\u015bcionek z czerwonego z\u0142ota pr&oacute;by 585*, pier\u015bcionek ma 6-7mm szeroko\u015bci. Przy rozmiarze 19 waga z\u0142ota wynosi 6,26 grama. Kamienie diamentowe 1,5mm &#8211; 78szt, 1,25mm &#8211; 3szt, 1mm &#8211; 9szt. _x000D_<\/p>\n","protected":false},"featured_media":48679,"template":"","meta":{"_acf_changed":false},"product_brand":[],"product_cat":[517,588],"product_tag":[],"class_list":{"0":"post-45675","1":"product","2":"type-product","3":"status-publish","4":"has-post-thumbnail","6":"product_cat-mens-rings-and-seals-pl","7":"product_cat-smooth-rings-pl","9":"first","10":"instock","11":"product-type-simple"},"acf":[],"_links":{"self":[{"href":"https:\/\/zl.jewelry\/pl\/wp-json\/wp\/v2\/product\/45675","targetHints":{"allow":["GET"]}}],"collection":[{"href":"https:\/\/zl.jewelry\/pl\/wp-json\/wp\/v2\/product"}],"about":[{"href":"https:\/\/zl.jewelry\/pl\/wp-json\/wp\/v2\/types\/product"}],"wp:featuredmedia":[{"embeddable":true,"href":"https:\/\/zl.jewelry\/pl\/wp-json\/wp\/v2\/media\/48679"}],"wp:attachment":[{"href":"https:\/\/zl.jewelry\/pl\/wp-json\/wp\/v2\/media?parent=45675"}],"wp:term":[{"taxonomy":"product_brand","embeddable":true,"href":"https:\/\/zl.jewelry\/pl\/wp-json\/wp\/v2\/product_brand?post=45675"},{"taxonomy":"product_cat","embeddable":true,"href":"https:\/\/zl.jewelry\/pl\/wp-json\/wp\/v2\/product_cat?post=45675"},{"taxonomy":"product_tag","embeddable":true,"href":"https:\/\/zl.jewelry\/pl\/wp-json\/wp\/v2\/product_tag?post=45675"}],"curies":[{"name":"wp","href":"https:\/\/api.w.org\/{rel}","templated":true}]}}