{"id":45671,"date":"2025-06-18T10:56:40","date_gmt":"2025-06-18T10:56:40","guid":{"rendered":"https:\/\/zl.jewelry\/product\/wedding-rings-transformer-love\/"},"modified":"2025-09-26T18:27:41","modified_gmt":"2025-09-26T18:27:41","slug":"wedding-rings-transformer-love","status":"publish","type":"product","link":"https:\/\/zl.jewelry\/pl\/product\/wedding-rings-transformer-love\/","title":{"rendered":"Obr\u0105czki \u015blubne &#8211; transformator &#8222;Mi\u0142o\u015b\u0107&#8221;"},"content":{"rendered":"","protected":false},"excerpt":{"rendered":"","protected":false},"featured_media":45672,"template":"","meta":{"_acf_changed":false},"product_brand":[],"product_cat":[528,530,534],"product_tag":[],"class_list":{"0":"post-45671","1":"product","2":"type-product","3":"status-publish","4":"has-post-thumbnail","6":"product_cat-wedding-rings-pl","7":"product_cat-combined-wedding-rings-pl","8":"product_cat-transformer-pl","10":"first","11":"instock","12":"product-type-simple"},"acf":[],"_links":{"self":[{"href":"https:\/\/zl.jewelry\/pl\/wp-json\/wp\/v2\/product\/45671","targetHints":{"allow":["GET"]}}],"collection":[{"href":"https:\/\/zl.jewelry\/pl\/wp-json\/wp\/v2\/product"}],"about":[{"href":"https:\/\/zl.jewelry\/pl\/wp-json\/wp\/v2\/types\/product"}],"wp:featuredmedia":[{"embeddable":true,"href":"https:\/\/zl.jewelry\/pl\/wp-json\/wp\/v2\/media\/45672"}],"wp:attachment":[{"href":"https:\/\/zl.jewelry\/pl\/wp-json\/wp\/v2\/media?parent=45671"}],"wp:term":[{"taxonomy":"product_brand","embeddable":true,"href":"https:\/\/zl.jewelry\/pl\/wp-json\/wp\/v2\/product_brand?post=45671"},{"taxonomy":"product_cat","embeddable":true,"href":"https:\/\/zl.jewelry\/pl\/wp-json\/wp\/v2\/product_cat?post=45671"},{"taxonomy":"product_tag","embeddable":true,"href":"https:\/\/zl.jewelry\/pl\/wp-json\/wp\/v2\/product_tag?post=45671"}],"curies":[{"name":"wp","href":"https:\/\/api.w.org\/{rel}","templated":true}]}}