{"id":45661,"date":"2025-06-18T10:56:40","date_gmt":"2025-06-18T10:56:40","guid":{"rendered":"https:\/\/zl.jewelry\/product\/chain-bismarck-elegant\/"},"modified":"2025-09-26T18:27:41","modified_gmt":"2025-09-26T18:27:41","slug":"chain-bismarck-elegant","status":"publish","type":"product","link":"https:\/\/zl.jewelry\/pl\/product\/chain-bismarck-elegant\/","title":{"rendered":"Delikatny \u0142a\u0144cuszek &#8222;Bismarck&#8221;"},"content":{"rendered":"<p>&quot;Arabski Bismarck&quot; r\u0119cznie tkany \u0142a\u0144cuch w czerwonym z\u0142ocie, waga r&oacute;\u017cni si\u0119 w zale\u017cno\u015bci od rozmiaru. Mo\u017cliwe jest wykonanie od 15 gram&oacute;w.<\/p>\n<p>_x000D_<\/p>\n","protected":false},"excerpt":{"rendered":"<p>&quot;Arabski Bismarck&quot; r\u0119cznie tkany \u0142a\u0144cuch w czerwonym z\u0142ocie, waga r&oacute;\u017cni si\u0119 w zale\u017cno\u015bci od rozmiaru. Mo\u017cliwe jest wykonanie od 15 gram&oacute;w. _x000D_<\/p>\n","protected":false},"featured_media":45662,"template":"","meta":{"_acf_changed":false},"product_brand":[],"product_cat":[490,491,495,493,494],"product_tag":[],"class_list":{"0":"post-45661","1":"product","2":"type-product","3":"status-publish","4":"has-post-thumbnail","6":"product_cat-gold-chains","7":"product_cat-chains-for-children-pl","8":"product_cat-gold-chains-up-to-50-gr-pl","9":"product_cat-mens-chains-pl","10":"product_cat-womens-chains-pl","12":"first","13":"instock","14":"product-type-simple"},"acf":[],"_links":{"self":[{"href":"https:\/\/zl.jewelry\/pl\/wp-json\/wp\/v2\/product\/45661","targetHints":{"allow":["GET"]}}],"collection":[{"href":"https:\/\/zl.jewelry\/pl\/wp-json\/wp\/v2\/product"}],"about":[{"href":"https:\/\/zl.jewelry\/pl\/wp-json\/wp\/v2\/types\/product"}],"wp:featuredmedia":[{"embeddable":true,"href":"https:\/\/zl.jewelry\/pl\/wp-json\/wp\/v2\/media\/45662"}],"wp:attachment":[{"href":"https:\/\/zl.jewelry\/pl\/wp-json\/wp\/v2\/media?parent=45661"}],"wp:term":[{"taxonomy":"product_brand","embeddable":true,"href":"https:\/\/zl.jewelry\/pl\/wp-json\/wp\/v2\/product_brand?post=45661"},{"taxonomy":"product_cat","embeddable":true,"href":"https:\/\/zl.jewelry\/pl\/wp-json\/wp\/v2\/product_cat?post=45661"},{"taxonomy":"product_tag","embeddable":true,"href":"https:\/\/zl.jewelry\/pl\/wp-json\/wp\/v2\/product_tag?post=45661"}],"curies":[{"name":"wp","href":"https:\/\/api.w.org\/{rel}","templated":true}]}}