{"id":45655,"date":"2025-06-18T10:56:40","date_gmt":"2025-06-18T10:56:40","guid":{"rendered":"https:\/\/zl.jewelry\/product\/orthodox-cross-the-lord-almighty-icon-of-demetrius-of-prilutsky\/"},"modified":"2025-09-26T18:27:40","modified_gmt":"2025-09-26T18:27:40","slug":"orthodox-cross-the-lord-almighty-icon-of-demetrius-of-prilutsky","status":"publish","type":"product","link":"https:\/\/zl.jewelry\/pl\/product\/orthodox-cross-the-lord-almighty-icon-of-demetrius-of-prilutsky\/","title":{"rendered":"Krzy\u017c prawos\u0142awny &#8222;Pan Wszechmog\u0105cy. Ikona Dimitrija Prilutskiego&#8221;"},"content":{"rendered":"<p>Krzy\u017cyk pusty, z czerwonego z\u0142ota z nak\u0142adkami w postaci wizerunk\u00f3w \u015bwi\u0119tych z bia\u0142ego z\u0142ota, pokryty rodem.&nbsp; Wysoko\u015b\u0107 z uszkiem do 70mm, waga przy tej wysoko\u015bci 54,80 grama. Podstawa z czerwonego z\u0142ota, na ko\u0144cach wymodelowana modlitwa.&nbsp; Na uszku z przodu krzy\u017cyk, z ty\u0142u Anio\u0142 Str\u00f3\u017c.<\/p>\n<p>.<\/p>\n","protected":false},"excerpt":{"rendered":"<p>Krzy\u017cyk pusty, z czerwonego z\u0142ota z nak\u0142adkami w postaci wizerunk\u00f3w \u015bwi\u0119tych z bia\u0142ego z\u0142ota, pokryty rodem.&nbsp; Wysoko\u015b\u0107 z uszkiem do 70mm, waga przy tej wysoko\u015bci 54,80 grama. Podstawa z czerwonego z\u0142ota, na ko\u0144cach wymodelowana modlitwa.&nbsp; Na uszku z przodu krzy\u017cyk, z ty\u0142u Anio\u0142 Str\u00f3\u017c. .<\/p>\n","protected":false},"featured_media":45656,"template":"","meta":{"_acf_changed":false},"product_brand":[],"product_cat":[504,507,510],"product_tag":[],"class_list":{"0":"post-45655","1":"product","2":"type-product","3":"status-publish","4":"has-post-thumbnail","6":"product_cat-golden-crosses-pl","7":"product_cat-exclusive-golden-handmade-crosses-pl","8":"product_cat-mens-crosses-pl","10":"first","11":"instock","12":"product-type-simple"},"acf":[],"_links":{"self":[{"href":"https:\/\/zl.jewelry\/pl\/wp-json\/wp\/v2\/product\/45655","targetHints":{"allow":["GET"]}}],"collection":[{"href":"https:\/\/zl.jewelry\/pl\/wp-json\/wp\/v2\/product"}],"about":[{"href":"https:\/\/zl.jewelry\/pl\/wp-json\/wp\/v2\/types\/product"}],"wp:featuredmedia":[{"embeddable":true,"href":"https:\/\/zl.jewelry\/pl\/wp-json\/wp\/v2\/media\/45656"}],"wp:attachment":[{"href":"https:\/\/zl.jewelry\/pl\/wp-json\/wp\/v2\/media?parent=45655"}],"wp:term":[{"taxonomy":"product_brand","embeddable":true,"href":"https:\/\/zl.jewelry\/pl\/wp-json\/wp\/v2\/product_brand?post=45655"},{"taxonomy":"product_cat","embeddable":true,"href":"https:\/\/zl.jewelry\/pl\/wp-json\/wp\/v2\/product_cat?post=45655"},{"taxonomy":"product_tag","embeddable":true,"href":"https:\/\/zl.jewelry\/pl\/wp-json\/wp\/v2\/product_tag?post=45655"}],"curies":[{"name":"wp","href":"https:\/\/api.w.org\/{rel}","templated":true}]}}