{"id":45639,"date":"2025-06-18T10:56:40","date_gmt":"2025-06-18T10:56:40","guid":{"rendered":"https:\/\/zl.jewelry\/product\/wedding-ring-secret-cipher-2\/"},"modified":"2025-09-26T18:27:39","modified_gmt":"2025-09-26T18:27:39","slug":"wedding-ring-secret-cipher-2","status":"publish","type":"product","link":"https:\/\/zl.jewelry\/pl\/product\/wedding-ring-secret-cipher-2\/","title":{"rendered":"Obr\u0105czka &#8222;Sekretny szyfr&#8221;"},"content":{"rendered":"<p>Pier\u015bcionki zar\u0119czynowe z cytrynowego z\u0142ota, szeroko\u015b\u0107 obr\u0105czki 6 mm. Napis jest wymodelowany na przedniej stronie. Waga zale\u017cy od rozmiapl.<\/p>\n","protected":false},"excerpt":{"rendered":"<p>Pier\u015bcionki zar\u0119czynowe z cytrynowego z\u0142ota, szeroko\u015b\u0107 obr\u0105czki 6 mm. Napis jest wymodelowany na przedniej stronie. Waga zale\u017cy od rozmiapl.<\/p>\n","protected":false},"featured_media":45640,"template":"","meta":{"_acf_changed":false},"product_brand":[],"product_cat":[528,532],"product_tag":[],"class_list":{"0":"post-45639","1":"product","2":"type-product","3":"status-publish","4":"has-post-thumbnail","6":"product_cat-wedding-rings-pl","7":"product_cat-lemon-gold-wedding-rings-pl","9":"first","10":"instock","11":"product-type-simple"},"acf":[],"_links":{"self":[{"href":"https:\/\/zl.jewelry\/pl\/wp-json\/wp\/v2\/product\/45639","targetHints":{"allow":["GET"]}}],"collection":[{"href":"https:\/\/zl.jewelry\/pl\/wp-json\/wp\/v2\/product"}],"about":[{"href":"https:\/\/zl.jewelry\/pl\/wp-json\/wp\/v2\/types\/product"}],"wp:featuredmedia":[{"embeddable":true,"href":"https:\/\/zl.jewelry\/pl\/wp-json\/wp\/v2\/media\/45640"}],"wp:attachment":[{"href":"https:\/\/zl.jewelry\/pl\/wp-json\/wp\/v2\/media?parent=45639"}],"wp:term":[{"taxonomy":"product_brand","embeddable":true,"href":"https:\/\/zl.jewelry\/pl\/wp-json\/wp\/v2\/product_brand?post=45639"},{"taxonomy":"product_cat","embeddable":true,"href":"https:\/\/zl.jewelry\/pl\/wp-json\/wp\/v2\/product_cat?post=45639"},{"taxonomy":"product_tag","embeddable":true,"href":"https:\/\/zl.jewelry\/pl\/wp-json\/wp\/v2\/product_tag?post=45639"}],"curies":[{"name":"wp","href":"https:\/\/api.w.org\/{rel}","templated":true}]}}