{"id":45629,"date":"2025-06-18T10:56:45","date_gmt":"2025-06-18T10:56:45","guid":{"rendered":"https:\/\/zl.jewelry\/product\/wedding-rings-infinity\/"},"modified":"2025-09-26T18:27:47","modified_gmt":"2025-09-26T18:27:47","slug":"wedding-rings-infinity","status":"publish","type":"product","link":"https:\/\/zl.jewelry\/pl\/product\/wedding-rings-infinity\/","title":{"rendered":"Obr\u0105czki \u015blubne Infinity"},"content":{"rendered":"<p>Pier\u015bcionki zar\u0119czynowe z czerwonego i bia\u0142ego z\u0142ota. Podstawa z bia\u0142ego z\u0142ota pokrytego rodem, boki z czerwonego z\u0142ota. Szeroko\u015b\u0107 obr\u0105czki od 7,5 mm. Obr\u0105czka m\u0119ska g\u0142adka, damska z wstawkami na bazie. Wstawki z kamieni o \u015brednicy oko\u0142o 1,5mm, kamienie mo\u017cna wybra\u0107 dowolne na \u017cyczenie klienta. Waga jest zgodna z rozmiarem.<\/p>\n","protected":false},"excerpt":{"rendered":"<p>Pier\u015bcionki zar\u0119czynowe z czerwonego i bia\u0142ego z\u0142ota. Podstawa z bia\u0142ego z\u0142ota pokrytego rodem, boki z czerwonego z\u0142ota. Szeroko\u015b\u0107 obr\u0105czki od 7,5 mm. Obr\u0105czka m\u0119ska g\u0142adka, damska z wstawkami na bazie. Wstawki z kamieni o \u015brednicy oko\u0142o 1,5mm, kamienie mo\u017cna wybra\u0107 dowolne na \u017cyczenie klienta. Waga jest zgodna z rozmiarem.<\/p>\n","protected":false},"featured_media":45630,"template":"","meta":{"_acf_changed":false},"product_brand":[],"product_cat":[528,530,537,535],"product_tag":[],"class_list":{"0":"post-45629","1":"product","2":"type-product","3":"status-publish","4":"has-post-thumbnail","6":"product_cat-wedding-rings-pl","7":"product_cat-combined-wedding-rings-pl","8":"product_cat-with-rocks-4-pl","9":"product_cat-wedding-rings-with-diamonds-pl","11":"first","12":"instock","13":"product-type-simple"},"acf":[],"_links":{"self":[{"href":"https:\/\/zl.jewelry\/pl\/wp-json\/wp\/v2\/product\/45629","targetHints":{"allow":["GET"]}}],"collection":[{"href":"https:\/\/zl.jewelry\/pl\/wp-json\/wp\/v2\/product"}],"about":[{"href":"https:\/\/zl.jewelry\/pl\/wp-json\/wp\/v2\/types\/product"}],"wp:featuredmedia":[{"embeddable":true,"href":"https:\/\/zl.jewelry\/pl\/wp-json\/wp\/v2\/media\/45630"}],"wp:attachment":[{"href":"https:\/\/zl.jewelry\/pl\/wp-json\/wp\/v2\/media?parent=45629"}],"wp:term":[{"taxonomy":"product_brand","embeddable":true,"href":"https:\/\/zl.jewelry\/pl\/wp-json\/wp\/v2\/product_brand?post=45629"},{"taxonomy":"product_cat","embeddable":true,"href":"https:\/\/zl.jewelry\/pl\/wp-json\/wp\/v2\/product_cat?post=45629"},{"taxonomy":"product_tag","embeddable":true,"href":"https:\/\/zl.jewelry\/pl\/wp-json\/wp\/v2\/product_tag?post=45629"}],"curies":[{"name":"wp","href":"https:\/\/api.w.org\/{rel}","templated":true}]}}