{"id":45615,"date":"2025-06-18T10:56:45","date_gmt":"2025-06-18T10:56:45","guid":{"rendered":"https:\/\/zl.jewelry\/product\/wedding-ring-taste-of-the-night\/"},"modified":"2025-09-26T18:27:46","modified_gmt":"2025-09-26T18:27:46","slug":"wedding-ring-taste-of-the-night","status":"publish","type":"product","link":"https:\/\/zl.jewelry\/pl\/product\/wedding-ring-taste-of-the-night\/","title":{"rendered":"Pier\u015bcionek zar\u0119czynowy &#8222;Smak nocy&#8221;"},"content":{"rendered":"<p>Pier\u015bcionki zar\u0119czynowe z bia\u0142ego z\u0142ota pokrytego rodem. Waga r&oacute;\u017cni si\u0119 w zale\u017cno\u015bci od rozmiapl. M\u0119ski pier\u015bcionek jest wysadzany czarnymi kamieniami o \u015brednicy 2 mm, a damski pier\u015bcionek ma bezbarwne kamienie osadzone po bokach o \u015brednicy 1,25 mm, kamienie mog\u0105 by\u0107 ustawione w dowolny spos&oacute;b.<\/p>\n<p>_x000D_<\/p>\n","protected":false},"excerpt":{"rendered":"<p>Pier\u015bcionki zar\u0119czynowe z bia\u0142ego z\u0142ota pokrytego rodem. Waga r&oacute;\u017cni si\u0119 w zale\u017cno\u015bci od rozmiapl. M\u0119ski pier\u015bcionek jest wysadzany czarnymi kamieniami o \u015brednicy 2 mm, a damski pier\u015bcionek ma bezbarwne kamienie osadzone po bokach o \u015brednicy 1,25 mm, kamienie mog\u0105 by\u0107 ustawione w dowolny spos&oacute;b. _x000D_<\/p>\n","protected":false},"featured_media":45616,"template":"","meta":{"_acf_changed":false},"product_brand":[],"product_cat":[528,536,537],"product_tag":[],"class_list":{"0":"post-45615","1":"product","2":"type-product","3":"status-publish","4":"has-post-thumbnail","6":"product_cat-wedding-rings-pl","7":"product_cat-white-gold-wedding-rings-pl","8":"product_cat-with-rocks-4-pl","10":"first","11":"instock","12":"product-type-simple"},"acf":[],"_links":{"self":[{"href":"https:\/\/zl.jewelry\/pl\/wp-json\/wp\/v2\/product\/45615","targetHints":{"allow":["GET"]}}],"collection":[{"href":"https:\/\/zl.jewelry\/pl\/wp-json\/wp\/v2\/product"}],"about":[{"href":"https:\/\/zl.jewelry\/pl\/wp-json\/wp\/v2\/types\/product"}],"wp:featuredmedia":[{"embeddable":true,"href":"https:\/\/zl.jewelry\/pl\/wp-json\/wp\/v2\/media\/45616"}],"wp:attachment":[{"href":"https:\/\/zl.jewelry\/pl\/wp-json\/wp\/v2\/media?parent=45615"}],"wp:term":[{"taxonomy":"product_brand","embeddable":true,"href":"https:\/\/zl.jewelry\/pl\/wp-json\/wp\/v2\/product_brand?post=45615"},{"taxonomy":"product_cat","embeddable":true,"href":"https:\/\/zl.jewelry\/pl\/wp-json\/wp\/v2\/product_cat?post=45615"},{"taxonomy":"product_tag","embeddable":true,"href":"https:\/\/zl.jewelry\/pl\/wp-json\/wp\/v2\/product_tag?post=45615"}],"curies":[{"name":"wp","href":"https:\/\/api.w.org\/{rel}","templated":true}]}}