{"id":45557,"date":"2025-06-18T10:56:51","date_gmt":"2025-06-18T10:56:51","guid":{"rendered":"https:\/\/zl.jewelry\/product\/wedding-rings-unbreakable-bonds\/"},"modified":"2025-09-26T18:27:51","modified_gmt":"2025-09-26T18:27:51","slug":"wedding-rings-unbreakable-bonds","status":"publish","type":"product","link":"https:\/\/zl.jewelry\/pl\/product\/wedding-rings-unbreakable-bonds\/","title":{"rendered":"Pier\u015bcionki zar\u0119czynowe &#8222;Nierozerwalne wi\u0119zi&#8221;"},"content":{"rendered":"<p><span style=\"font-size:18px;\">Je\u015bli chcesz znale\u017a\u0107 pier\u015bcionki zar\u0119czynowe w swoim rozmiarze, zobacz Pier\u015bcionki zar\u0119czynowe<\/span><\/p>\n<p>_x000D_<\/p>\n","protected":false},"excerpt":{"rendered":"<p>Je\u015bli chcesz znale\u017a\u0107 pier\u015bcionki zar\u0119czynowe w swoim rozmiarze, zobacz Pier\u015bcionki zar\u0119czynowe _x000D_<\/p>\n","protected":false},"featured_media":45558,"template":"","meta":{"_acf_changed":false},"product_brand":[],"product_cat":[552,556],"product_tag":[],"class_list":{"0":"post-45557","1":"product","2":"type-product","3":"status-publish","4":"has-post-thumbnail","6":"product_cat-jewelry-for-sailors-pl","7":"product_cat-wedding-rings-2-pl","9":"first","10":"instock","11":"product-type-simple"},"acf":[],"_links":{"self":[{"href":"https:\/\/zl.jewelry\/pl\/wp-json\/wp\/v2\/product\/45557","targetHints":{"allow":["GET"]}}],"collection":[{"href":"https:\/\/zl.jewelry\/pl\/wp-json\/wp\/v2\/product"}],"about":[{"href":"https:\/\/zl.jewelry\/pl\/wp-json\/wp\/v2\/types\/product"}],"wp:featuredmedia":[{"embeddable":true,"href":"https:\/\/zl.jewelry\/pl\/wp-json\/wp\/v2\/media\/45558"}],"wp:attachment":[{"href":"https:\/\/zl.jewelry\/pl\/wp-json\/wp\/v2\/media?parent=45557"}],"wp:term":[{"taxonomy":"product_brand","embeddable":true,"href":"https:\/\/zl.jewelry\/pl\/wp-json\/wp\/v2\/product_brand?post=45557"},{"taxonomy":"product_cat","embeddable":true,"href":"https:\/\/zl.jewelry\/pl\/wp-json\/wp\/v2\/product_cat?post=45557"},{"taxonomy":"product_tag","embeddable":true,"href":"https:\/\/zl.jewelry\/pl\/wp-json\/wp\/v2\/product_tag?post=45557"}],"curies":[{"name":"wp","href":"https:\/\/api.w.org\/{rel}","templated":true}]}}