{"id":45553,"date":"2025-06-18T10:56:51","date_gmt":"2025-06-18T10:56:51","guid":{"rendered":"https:\/\/zl.jewelry\/product\/wedding-rings-halves-of-the-whole\/"},"modified":"2025-09-26T18:27:50","modified_gmt":"2025-09-26T18:27:50","slug":"wedding-rings-halves-of-the-whole","status":"publish","type":"product","link":"https:\/\/zl.jewelry\/pl\/product\/wedding-rings-halves-of-the-whole\/","title":{"rendered":"Obr\u0105czki \u015blubne &#8222;Po\u0142owa ca\u0142o\u015bci&#8221;"},"content":{"rendered":"","protected":false},"excerpt":{"rendered":"","protected":false},"featured_media":45554,"template":"","meta":{"_acf_changed":false},"product_brand":[],"product_cat":[528,536,537,535],"product_tag":[],"class_list":{"0":"post-45553","1":"product","2":"type-product","3":"status-publish","4":"has-post-thumbnail","6":"product_cat-wedding-rings-pl","7":"product_cat-white-gold-wedding-rings-pl","8":"product_cat-with-rocks-4-pl","9":"product_cat-wedding-rings-with-diamonds-pl","11":"first","12":"instock","13":"product-type-simple"},"acf":[],"_links":{"self":[{"href":"https:\/\/zl.jewelry\/pl\/wp-json\/wp\/v2\/product\/45553","targetHints":{"allow":["GET"]}}],"collection":[{"href":"https:\/\/zl.jewelry\/pl\/wp-json\/wp\/v2\/product"}],"about":[{"href":"https:\/\/zl.jewelry\/pl\/wp-json\/wp\/v2\/types\/product"}],"wp:featuredmedia":[{"embeddable":true,"href":"https:\/\/zl.jewelry\/pl\/wp-json\/wp\/v2\/media\/45554"}],"wp:attachment":[{"href":"https:\/\/zl.jewelry\/pl\/wp-json\/wp\/v2\/media?parent=45553"}],"wp:term":[{"taxonomy":"product_brand","embeddable":true,"href":"https:\/\/zl.jewelry\/pl\/wp-json\/wp\/v2\/product_brand?post=45553"},{"taxonomy":"product_cat","embeddable":true,"href":"https:\/\/zl.jewelry\/pl\/wp-json\/wp\/v2\/product_cat?post=45553"},{"taxonomy":"product_tag","embeddable":true,"href":"https:\/\/zl.jewelry\/pl\/wp-json\/wp\/v2\/product_tag?post=45553"}],"curies":[{"name":"wp","href":"https:\/\/api.w.org\/{rel}","templated":true}]}}