{"id":45547,"date":"2025-06-18T10:56:51","date_gmt":"2025-06-18T10:56:51","guid":{"rendered":"https:\/\/zl.jewelry\/product\/wedding-ring-ear-of-life\/"},"modified":"2026-05-06T12:30:45","modified_gmt":"2026-05-06T12:30:45","slug":"wedding-ring-ear-of-life","status":"publish","type":"product","link":"https:\/\/zl.jewelry\/pl\/product\/wedding-ring-ear-of-life\/","title":{"rendered":"Obr\u0105czka \u015blubna &#8222;Spike of Life&#8221;"},"content":{"rendered":"<section class=\"l-section wpb_row height_small\"><div class=\"l-section-h i-cf\"><div class=\"g-cols vc_row via_flex valign_top type_default stacking_default\"><div class=\"vc_col-sm-12 wpb_column vc_column_container\"><div class=\"vc_column-inner\"><div class=\"wpb_wrapper\"><div class=\"wpb_text_column\"><div class=\"wpb_wrapper\"><p>Pier\u015bcionek jest w kombinacji kolor\u00f3w metalu, \u017c\u00f3\u0142tego i bia\u0142ego z\u0142ota 585*. W rozmiarze 20.5 waga pier\u015bcionka wynosi 5.75 (waga zmienia si\u0119 w zale\u017cno\u015bci od rozmiaru). Szeroko\u015b\u0107 pier\u015bcionka 7-8mm. Obr\u0105czka z wypuk\u0142ym wzorem pszenicy, kt\u00f3ry znajduje si\u0119 na ca\u0142ym obwodzie obr\u0105czki. Boki obr\u0105czki z bia\u0142ego z\u0142ota, nukleowane.<\/p>\n<\/div><\/div><\/div><\/div><\/div><\/div><\/div><\/section>\n","protected":false},"excerpt":{"rendered":"Pier\u015bcionek jest w kombinacji kolor\u00f3w metalu, \u017c\u00f3\u0142tego i bia\u0142ego z\u0142ota 585*. W rozmiarze 20.5 waga pier\u015bcionka wynosi 5.75 (waga zmienia si\u0119 w zale\u017cno\u015bci od rozmiaru). Szeroko\u015b\u0107 pier\u015bcionka 7-8mm. Obr\u0105czka z wypuk\u0142ym wzorem pszenicy, kt\u00f3ry znajduje si\u0119 na ca\u0142ym obwodzie obr\u0105czki. Boki obr\u0105czki z bia\u0142ego z\u0142ota, nukleowane.","protected":false},"featured_media":45548,"template":"","meta":{"_acf_changed":false},"product_brand":[],"product_cat":[531,530,528],"product_tag":[],"class_list":{"0":"post-45547","1":"product","2":"type-product","3":"status-publish","4":"has-post-thumbnail","6":"product_cat-elite-wedding-rings-pl","7":"product_cat-combined-wedding-rings-pl","8":"product_cat-wedding-rings-pl","10":"first","11":"instock","12":"product-type-simple"},"acf":[],"_links":{"self":[{"href":"https:\/\/zl.jewelry\/pl\/wp-json\/wp\/v2\/product\/45547","targetHints":{"allow":["GET"]}}],"collection":[{"href":"https:\/\/zl.jewelry\/pl\/wp-json\/wp\/v2\/product"}],"about":[{"href":"https:\/\/zl.jewelry\/pl\/wp-json\/wp\/v2\/types\/product"}],"wp:featuredmedia":[{"embeddable":true,"href":"https:\/\/zl.jewelry\/pl\/wp-json\/wp\/v2\/media\/45548"}],"wp:attachment":[{"href":"https:\/\/zl.jewelry\/pl\/wp-json\/wp\/v2\/media?parent=45547"}],"wp:term":[{"taxonomy":"product_brand","embeddable":true,"href":"https:\/\/zl.jewelry\/pl\/wp-json\/wp\/v2\/product_brand?post=45547"},{"taxonomy":"product_cat","embeddable":true,"href":"https:\/\/zl.jewelry\/pl\/wp-json\/wp\/v2\/product_cat?post=45547"},{"taxonomy":"product_tag","embeddable":true,"href":"https:\/\/zl.jewelry\/pl\/wp-json\/wp\/v2\/product_tag?post=45547"}],"curies":[{"name":"wp","href":"https:\/\/api.w.org\/{rel}","templated":true}]}}