{"id":45543,"date":"2025-06-18T10:56:51","date_gmt":"2025-06-18T10:56:51","guid":{"rendered":"https:\/\/zl.jewelry\/product\/wedding-rings-gentle-faces-2\/"},"modified":"2025-09-26T18:27:49","modified_gmt":"2025-09-26T18:27:49","slug":"wedding-rings-gentle-faces-2","status":"publish","type":"product","link":"https:\/\/zl.jewelry\/pl\/product\/wedding-rings-gentle-faces-2\/","title":{"rendered":"Obr\u0105czki \u015blubne &#8222;Delicate Facets&#8221;"},"content":{"rendered":"<p>Opaski \u015blubne s\u0105 w kolorze cytrynowego z\u0142ota. Waga r&oacute;\u017cni si\u0119 w zale\u017cno\u015bci od rozmiaru. Obr\u0105czka damska jest g\u0142adka, m\u0119ska matowa. Szeroko\u015b\u0107 obr\u0105czek od 3mm.<\/p>\n<p>_x000D_<\/p>\n","protected":false},"excerpt":{"rendered":"<p>Opaski \u015blubne s\u0105 w kolorze cytrynowego z\u0142ota. Waga r&oacute;\u017cni si\u0119 w zale\u017cno\u015bci od rozmiaru. Obr\u0105czka damska jest g\u0142adka, m\u0119ska matowa. Szeroko\u015b\u0107 obr\u0105czek od 3mm. _x000D_<\/p>\n","protected":false},"featured_media":45544,"template":"","meta":{"_acf_changed":false},"product_brand":[],"product_cat":[528,532],"product_tag":[],"class_list":{"0":"post-45543","1":"product","2":"type-product","3":"status-publish","4":"has-post-thumbnail","6":"product_cat-wedding-rings-pl","7":"product_cat-lemon-gold-wedding-rings-pl","9":"first","10":"instock","11":"product-type-simple"},"acf":[],"_links":{"self":[{"href":"https:\/\/zl.jewelry\/pl\/wp-json\/wp\/v2\/product\/45543","targetHints":{"allow":["GET"]}}],"collection":[{"href":"https:\/\/zl.jewelry\/pl\/wp-json\/wp\/v2\/product"}],"about":[{"href":"https:\/\/zl.jewelry\/pl\/wp-json\/wp\/v2\/types\/product"}],"wp:featuredmedia":[{"embeddable":true,"href":"https:\/\/zl.jewelry\/pl\/wp-json\/wp\/v2\/media\/45544"}],"wp:attachment":[{"href":"https:\/\/zl.jewelry\/pl\/wp-json\/wp\/v2\/media?parent=45543"}],"wp:term":[{"taxonomy":"product_brand","embeddable":true,"href":"https:\/\/zl.jewelry\/pl\/wp-json\/wp\/v2\/product_brand?post=45543"},{"taxonomy":"product_cat","embeddable":true,"href":"https:\/\/zl.jewelry\/pl\/wp-json\/wp\/v2\/product_cat?post=45543"},{"taxonomy":"product_tag","embeddable":true,"href":"https:\/\/zl.jewelry\/pl\/wp-json\/wp\/v2\/product_tag?post=45543"}],"curies":[{"name":"wp","href":"https:\/\/api.w.org\/{rel}","templated":true}]}}