{"id":45539,"date":"2025-06-18T10:56:56","date_gmt":"2025-06-18T10:56:56","guid":{"rendered":"https:\/\/zl.jewelry\/product\/signet-knights-helmet\/"},"modified":"2025-09-26T18:27:58","modified_gmt":"2025-09-26T18:27:58","slug":"signet-knights-helmet","status":"publish","type":"product","link":"https:\/\/zl.jewelry\/pl\/product\/signet-knights-helmet\/","title":{"rendered":"Pier\u015bcionek &#8222;He\u0142m Rycerza&#8221;"},"content":{"rendered":"<p>Pier\u015bcionek m\u0119ski z czerwonego z\u0142ota, waga z\u0142ota zmienia si\u0119 proporcjonalnie do rozmiapl. Powierzchnia jest szorstka.<\/p>\n<p>_x000D_<\/p>\n","protected":false},"excerpt":{"rendered":"<p>Pier\u015bcionek m\u0119ski z czerwonego z\u0142ota, waga z\u0142ota zmienia si\u0119 proporcjonalnie do rozmiapl. Powierzchnia jest szorstka. _x000D_<\/p>\n","protected":false},"featured_media":48893,"template":"","meta":{"_acf_changed":false},"product_brand":[],"product_cat":[517,589],"product_tag":[],"class_list":{"0":"post-45539","1":"product","2":"type-product","3":"status-publish","4":"has-post-thumbnail","6":"product_cat-mens-rings-and-seals-pl","7":"product_cat-signet-rings-pl","9":"first","10":"instock","11":"product-type-simple"},"acf":[],"_links":{"self":[{"href":"https:\/\/zl.jewelry\/pl\/wp-json\/wp\/v2\/product\/45539","targetHints":{"allow":["GET"]}}],"collection":[{"href":"https:\/\/zl.jewelry\/pl\/wp-json\/wp\/v2\/product"}],"about":[{"href":"https:\/\/zl.jewelry\/pl\/wp-json\/wp\/v2\/types\/product"}],"wp:featuredmedia":[{"embeddable":true,"href":"https:\/\/zl.jewelry\/pl\/wp-json\/wp\/v2\/media\/48893"}],"wp:attachment":[{"href":"https:\/\/zl.jewelry\/pl\/wp-json\/wp\/v2\/media?parent=45539"}],"wp:term":[{"taxonomy":"product_brand","embeddable":true,"href":"https:\/\/zl.jewelry\/pl\/wp-json\/wp\/v2\/product_brand?post=45539"},{"taxonomy":"product_cat","embeddable":true,"href":"https:\/\/zl.jewelry\/pl\/wp-json\/wp\/v2\/product_cat?post=45539"},{"taxonomy":"product_tag","embeddable":true,"href":"https:\/\/zl.jewelry\/pl\/wp-json\/wp\/v2\/product_tag?post=45539"}],"curies":[{"name":"wp","href":"https:\/\/api.w.org\/{rel}","templated":true}]}}