{"id":45535,"date":"2025-06-18T10:56:56","date_gmt":"2025-06-18T10:56:56","guid":{"rendered":"https:\/\/zl.jewelry\/product\/wedding-ring-dance-of-love\/"},"modified":"2025-09-26T18:27:58","modified_gmt":"2025-09-26T18:27:58","slug":"wedding-ring-dance-of-love","status":"publish","type":"product","link":"https:\/\/zl.jewelry\/pl\/product\/wedding-ring-dance-of-love\/","title":{"rendered":"Obr\u0105czka &#8222;Taniec mi\u0142o\u015bci&#8221;"},"content":{"rendered":"<p>Pier\u015bcionki zar\u0119czynowe z czerwonego z\u0142ota, waga mo\u017ce si\u0119 r\u00f3\u017cni\u0107 w zale\u017cno\u015bci od rozmiapl. M\u0119ski pier\u015bcionek bez kamieni, damski pier\u015bcionek ze wstawkami z kamieni. \u015arodkowa cz\u0119\u015b\u0107 jest zamatowana. \u015arednica kamieni 1.00mm.<\/p>\n","protected":false},"excerpt":{"rendered":"<p>Pier\u015bcionki zar\u0119czynowe z czerwonego z\u0142ota, waga mo\u017ce si\u0119 r\u00f3\u017cni\u0107 w zale\u017cno\u015bci od rozmiapl. M\u0119ski pier\u015bcionek bez kamieni, damski pier\u015bcionek ze wstawkami z kamieni. \u015arodkowa cz\u0119\u015b\u0107 jest zamatowana. \u015arednica kamieni 1.00mm.<\/p>\n","protected":false},"featured_media":45536,"template":"","meta":{"_acf_changed":false},"product_brand":[],"product_cat":[535,528,533,537],"product_tag":[],"class_list":{"0":"post-45535","1":"product","2":"type-product","3":"status-publish","4":"has-post-thumbnail","6":"product_cat-wedding-rings-with-diamonds-pl","7":"product_cat-wedding-rings-pl","8":"product_cat-red-gold-wedding-rings-pl","9":"product_cat-with-rocks-4-pl","11":"first","12":"instock","13":"product-type-simple"},"acf":[],"_links":{"self":[{"href":"https:\/\/zl.jewelry\/pl\/wp-json\/wp\/v2\/product\/45535","targetHints":{"allow":["GET"]}}],"collection":[{"href":"https:\/\/zl.jewelry\/pl\/wp-json\/wp\/v2\/product"}],"about":[{"href":"https:\/\/zl.jewelry\/pl\/wp-json\/wp\/v2\/types\/product"}],"wp:featuredmedia":[{"embeddable":true,"href":"https:\/\/zl.jewelry\/pl\/wp-json\/wp\/v2\/media\/45536"}],"wp:attachment":[{"href":"https:\/\/zl.jewelry\/pl\/wp-json\/wp\/v2\/media?parent=45535"}],"wp:term":[{"taxonomy":"product_brand","embeddable":true,"href":"https:\/\/zl.jewelry\/pl\/wp-json\/wp\/v2\/product_brand?post=45535"},{"taxonomy":"product_cat","embeddable":true,"href":"https:\/\/zl.jewelry\/pl\/wp-json\/wp\/v2\/product_cat?post=45535"},{"taxonomy":"product_tag","embeddable":true,"href":"https:\/\/zl.jewelry\/pl\/wp-json\/wp\/v2\/product_tag?post=45535"}],"curies":[{"name":"wp","href":"https:\/\/api.w.org\/{rel}","templated":true}]}}