{"id":45533,"date":"2025-06-18T10:56:56","date_gmt":"2025-06-18T10:56:56","guid":{"rendered":"https:\/\/zl.jewelry\/product\/ring-tire\/"},"modified":"2025-09-26T18:27:57","modified_gmt":"2025-09-26T18:27:57","slug":"ring-tire","status":"publish","type":"product","link":"https:\/\/zl.jewelry\/pl\/product\/ring-tire\/","title":{"rendered":"Pier\u015bcionek &#8222;Sheena&#8221;"},"content":{"rendered":"<p>Pier\u015bcionek z cytrynowego z\u0142ota, waga zale\u017cy od rozmiapl. Na przedniej stronie pier\u015bcionka znajduj\u0105 si\u0119 wzory, kt\u00f3re s\u0105 pokryte niello. Szeroko\u015b\u0107 obr\u0105czki 7,03 mm, gplbo\u015b\u0107 1,80 mm.<\/p>\n","protected":false},"excerpt":{"rendered":"<p>Pier\u015bcionek z cytrynowego z\u0142ota, waga zale\u017cy od rozmiapl. Na przedniej stronie pier\u015bcionka znajduj\u0105 si\u0119 wzory, kt\u00f3re s\u0105 pokryte niello. Szeroko\u015b\u0107 obr\u0105czki 7,03 mm, gplbo\u015b\u0107 1,80 mm.<\/p>\n","protected":false},"featured_media":48653,"template":"","meta":{"_acf_changed":false},"product_brand":[],"product_cat":[528,532],"product_tag":[],"class_list":{"0":"post-45533","1":"product","2":"type-product","3":"status-publish","4":"has-post-thumbnail","6":"product_cat-wedding-rings-pl","7":"product_cat-lemon-gold-wedding-rings-pl","9":"first","10":"instock","11":"product-type-simple"},"acf":[],"_links":{"self":[{"href":"https:\/\/zl.jewelry\/pl\/wp-json\/wp\/v2\/product\/45533","targetHints":{"allow":["GET"]}}],"collection":[{"href":"https:\/\/zl.jewelry\/pl\/wp-json\/wp\/v2\/product"}],"about":[{"href":"https:\/\/zl.jewelry\/pl\/wp-json\/wp\/v2\/types\/product"}],"wp:featuredmedia":[{"embeddable":true,"href":"https:\/\/zl.jewelry\/pl\/wp-json\/wp\/v2\/media\/48653"}],"wp:attachment":[{"href":"https:\/\/zl.jewelry\/pl\/wp-json\/wp\/v2\/media?parent=45533"}],"wp:term":[{"taxonomy":"product_brand","embeddable":true,"href":"https:\/\/zl.jewelry\/pl\/wp-json\/wp\/v2\/product_brand?post=45533"},{"taxonomy":"product_cat","embeddable":true,"href":"https:\/\/zl.jewelry\/pl\/wp-json\/wp\/v2\/product_cat?post=45533"},{"taxonomy":"product_tag","embeddable":true,"href":"https:\/\/zl.jewelry\/pl\/wp-json\/wp\/v2\/product_tag?post=45533"}],"curies":[{"name":"wp","href":"https:\/\/api.w.org\/{rel}","templated":true}]}}