{"id":45531,"date":"2025-06-18T10:56:56","date_gmt":"2025-06-18T10:56:56","guid":{"rendered":"https:\/\/zl.jewelry\/product\/wedding-ring-classic-in-lemon-gold\/"},"modified":"2025-09-26T18:27:57","modified_gmt":"2025-09-26T18:27:57","slug":"wedding-ring-classic-in-lemon-gold","status":"publish","type":"product","link":"https:\/\/zl.jewelry\/pl\/product\/wedding-ring-classic-in-lemon-gold\/","title":{"rendered":"Pier\u015bcionek zar\u0119czynowy &#8222;Classic&#8221; z \u017c\u00f3\u0142tego z\u0142ota"},"content":{"rendered":"","protected":false},"excerpt":{"rendered":"","protected":false},"featured_media":45532,"template":"","meta":{"_acf_changed":false},"product_brand":[],"product_cat":[528,529,532],"product_tag":[],"class_list":{"0":"post-45531","1":"product","2":"type-product","3":"status-publish","4":"has-post-thumbnail","6":"product_cat-wedding-rings-pl","7":"product_cat-classic-and-flat-pl","8":"product_cat-lemon-gold-wedding-rings-pl","10":"first","11":"instock","12":"product-type-simple"},"acf":[],"_links":{"self":[{"href":"https:\/\/zl.jewelry\/pl\/wp-json\/wp\/v2\/product\/45531","targetHints":{"allow":["GET"]}}],"collection":[{"href":"https:\/\/zl.jewelry\/pl\/wp-json\/wp\/v2\/product"}],"about":[{"href":"https:\/\/zl.jewelry\/pl\/wp-json\/wp\/v2\/types\/product"}],"wp:featuredmedia":[{"embeddable":true,"href":"https:\/\/zl.jewelry\/pl\/wp-json\/wp\/v2\/media\/45532"}],"wp:attachment":[{"href":"https:\/\/zl.jewelry\/pl\/wp-json\/wp\/v2\/media?parent=45531"}],"wp:term":[{"taxonomy":"product_brand","embeddable":true,"href":"https:\/\/zl.jewelry\/pl\/wp-json\/wp\/v2\/product_brand?post=45531"},{"taxonomy":"product_cat","embeddable":true,"href":"https:\/\/zl.jewelry\/pl\/wp-json\/wp\/v2\/product_cat?post=45531"},{"taxonomy":"product_tag","embeddable":true,"href":"https:\/\/zl.jewelry\/pl\/wp-json\/wp\/v2\/product_tag?post=45531"}],"curies":[{"name":"wp","href":"https:\/\/api.w.org\/{rel}","templated":true}]}}