{"id":45525,"date":"2025-06-18T10:56:56","date_gmt":"2025-06-18T10:56:56","guid":{"rendered":"https:\/\/zl.jewelry\/product\/wedding-rings-with-anchor-and-helm\/"},"modified":"2025-09-26T18:27:57","modified_gmt":"2025-09-26T18:27:57","slug":"wedding-rings-with-anchor-and-helm","status":"publish","type":"product","link":"https:\/\/zl.jewelry\/pl\/product\/wedding-rings-with-anchor-and-helm\/","title":{"rendered":"Obr\u0105czka z kotwic\u0105 i sterem"},"content":{"rendered":"<p><span style=\"color: rgb(77, 77, 77); font-family: Roboto, sans-serif; font-size: 16px;\">Je\u015bli chcesz znale\u017a\u0107 pier\u015bcionki zar\u0119czynowe w swoim rozmiarze, zobacz sekcj\u0119 Pier\u015bcionki zar\u0119czynowe<\/span><\/p>\n","protected":false},"excerpt":{"rendered":"<p>Je\u015bli chcesz znale\u017a\u0107 pier\u015bcionki zar\u0119czynowe w swoim rozmiarze, zobacz sekcj\u0119 Pier\u015bcionki zar\u0119czynowe<\/p>\n","protected":false},"featured_media":59371,"template":"","meta":{"_acf_changed":false},"product_brand":[],"product_cat":[552,556],"product_tag":[],"class_list":{"0":"post-45525","1":"product","2":"type-product","3":"status-publish","4":"has-post-thumbnail","6":"product_cat-jewelry-for-sailors-pl","7":"product_cat-wedding-rings-2-pl","9":"first","10":"instock","11":"product-type-simple"},"acf":[],"_links":{"self":[{"href":"https:\/\/zl.jewelry\/pl\/wp-json\/wp\/v2\/product\/45525","targetHints":{"allow":["GET"]}}],"collection":[{"href":"https:\/\/zl.jewelry\/pl\/wp-json\/wp\/v2\/product"}],"about":[{"href":"https:\/\/zl.jewelry\/pl\/wp-json\/wp\/v2\/types\/product"}],"wp:featuredmedia":[{"embeddable":true,"href":"https:\/\/zl.jewelry\/pl\/wp-json\/wp\/v2\/media\/59371"}],"wp:attachment":[{"href":"https:\/\/zl.jewelry\/pl\/wp-json\/wp\/v2\/media?parent=45525"}],"wp:term":[{"taxonomy":"product_brand","embeddable":true,"href":"https:\/\/zl.jewelry\/pl\/wp-json\/wp\/v2\/product_brand?post=45525"},{"taxonomy":"product_cat","embeddable":true,"href":"https:\/\/zl.jewelry\/pl\/wp-json\/wp\/v2\/product_cat?post=45525"},{"taxonomy":"product_tag","embeddable":true,"href":"https:\/\/zl.jewelry\/pl\/wp-json\/wp\/v2\/product_tag?post=45525"}],"curies":[{"name":"wp","href":"https:\/\/api.w.org\/{rel}","templated":true}]}}