{"id":45513,"date":"2025-06-18T10:56:56","date_gmt":"2025-06-18T10:56:56","guid":{"rendered":"https:\/\/zl.jewelry\/product\/signet-with-heraldry-family\/"},"modified":"2025-09-26T18:27:56","modified_gmt":"2025-09-26T18:27:56","slug":"signet-with-heraldry-family","status":"publish","type":"product","link":"https:\/\/zl.jewelry\/pl\/product\/signet-with-heraldry-family\/","title":{"rendered":"Heraldyczny pier\u015bcie\u0144 &#8222;Rodzina&#8221;"},"content":{"rendered":"<p><span style=\"color: rgb(77, 77, 77); font-family: Roboto, sans-serif; font-size: 16px;\">Je\u015bli chcesz znale\u017a\u0107 odpowiedni rozmiar dla siebie, zapoznaj si\u0119 z nasz\u0105 sekcj\u0105 Pier\u015bcionki i plomby dla m\u0119\u017cczyzn.<\/span><\/p>\n","protected":false},"excerpt":{"rendered":"<p>Je\u015bli chcesz znale\u017a\u0107 odpowiedni rozmiar dla siebie, zapoznaj si\u0119 z nasz\u0105 sekcj\u0105 Pier\u015bcionki i plomby dla m\u0119\u017cczyzn.<\/p>\n","protected":false},"featured_media":45514,"template":"","meta":{"_acf_changed":false},"product_brand":[],"product_cat":[517,589],"product_tag":[],"class_list":{"0":"post-45513","1":"product","2":"type-product","3":"status-publish","4":"has-post-thumbnail","6":"product_cat-mens-rings-and-seals-pl","7":"product_cat-signet-rings-pl","9":"first","10":"instock","11":"product-type-simple"},"acf":[],"_links":{"self":[{"href":"https:\/\/zl.jewelry\/pl\/wp-json\/wp\/v2\/product\/45513","targetHints":{"allow":["GET"]}}],"collection":[{"href":"https:\/\/zl.jewelry\/pl\/wp-json\/wp\/v2\/product"}],"about":[{"href":"https:\/\/zl.jewelry\/pl\/wp-json\/wp\/v2\/types\/product"}],"wp:featuredmedia":[{"embeddable":true,"href":"https:\/\/zl.jewelry\/pl\/wp-json\/wp\/v2\/media\/45514"}],"wp:attachment":[{"href":"https:\/\/zl.jewelry\/pl\/wp-json\/wp\/v2\/media?parent=45513"}],"wp:term":[{"taxonomy":"product_brand","embeddable":true,"href":"https:\/\/zl.jewelry\/pl\/wp-json\/wp\/v2\/product_brand?post=45513"},{"taxonomy":"product_cat","embeddable":true,"href":"https:\/\/zl.jewelry\/pl\/wp-json\/wp\/v2\/product_cat?post=45513"},{"taxonomy":"product_tag","embeddable":true,"href":"https:\/\/zl.jewelry\/pl\/wp-json\/wp\/v2\/product_tag?post=45513"}],"curies":[{"name":"wp","href":"https:\/\/api.w.org\/{rel}","templated":true}]}}