{"id":45505,"date":"2025-06-18T10:56:56","date_gmt":"2025-06-18T10:56:56","guid":{"rendered":"https:\/\/zl.jewelry\/product\/wedding-rings-american-2\/"},"modified":"2025-09-26T18:27:55","modified_gmt":"2025-09-26T18:27:55","slug":"wedding-rings-american-2","status":"publish","type":"product","link":"https:\/\/zl.jewelry\/pl\/product\/wedding-rings-american-2\/","title":{"rendered":"Obr\u0105czki \u015blubne  &#8222;Ameryka\u0144ski&#8221;"},"content":{"rendered":"<p>Klasyczne pier\u015bcionki zar\u0119czynowe &#8211; proste ameryka\u0144skie, czerwone z\u0142oto pr&oacute;by 585*. Przy rozmiarze pier\u015bcionka 16.1 szeroko\u015b\u0107 obr\u0105czki wynosi 3,6 mm, przy rozmiarze pier\u015bcionka 19 szeroko\u015b\u0107 obr\u0105czki wynosi 5 mm. Waga b\u0119dzie si\u0119 r&oacute;\u017cni\u0107 w zale\u017cno\u015bci od rozmiaru pier\u015bcionka.<\/p>\n<p>_x000D_<\/p>\n","protected":false},"excerpt":{"rendered":"<p>Klasyczne pier\u015bcionki zar\u0119czynowe &#8211; proste ameryka\u0144skie, czerwone z\u0142oto pr&oacute;by 585*. Przy rozmiarze pier\u015bcionka 16.1 szeroko\u015b\u0107 obr\u0105czki wynosi 3,6 mm, przy rozmiarze pier\u015bcionka 19 szeroko\u015b\u0107 obr\u0105czki wynosi 5 mm. Waga b\u0119dzie si\u0119 r&oacute;\u017cni\u0107 w zale\u017cno\u015bci od rozmiaru pier\u015bcionka. _x000D_<\/p>\n","protected":false},"featured_media":45506,"template":"","meta":{"_acf_changed":false},"product_brand":[],"product_cat":[528,529,533],"product_tag":[],"class_list":{"0":"post-45505","1":"product","2":"type-product","3":"status-publish","4":"has-post-thumbnail","6":"product_cat-wedding-rings-pl","7":"product_cat-classic-and-flat-pl","8":"product_cat-red-gold-wedding-rings-pl","10":"first","11":"instock","12":"product-type-simple"},"acf":[],"_links":{"self":[{"href":"https:\/\/zl.jewelry\/pl\/wp-json\/wp\/v2\/product\/45505","targetHints":{"allow":["GET"]}}],"collection":[{"href":"https:\/\/zl.jewelry\/pl\/wp-json\/wp\/v2\/product"}],"about":[{"href":"https:\/\/zl.jewelry\/pl\/wp-json\/wp\/v2\/types\/product"}],"wp:featuredmedia":[{"embeddable":true,"href":"https:\/\/zl.jewelry\/pl\/wp-json\/wp\/v2\/media\/45506"}],"wp:attachment":[{"href":"https:\/\/zl.jewelry\/pl\/wp-json\/wp\/v2\/media?parent=45505"}],"wp:term":[{"taxonomy":"product_brand","embeddable":true,"href":"https:\/\/zl.jewelry\/pl\/wp-json\/wp\/v2\/product_brand?post=45505"},{"taxonomy":"product_cat","embeddable":true,"href":"https:\/\/zl.jewelry\/pl\/wp-json\/wp\/v2\/product_cat?post=45505"},{"taxonomy":"product_tag","embeddable":true,"href":"https:\/\/zl.jewelry\/pl\/wp-json\/wp\/v2\/product_tag?post=45505"}],"curies":[{"name":"wp","href":"https:\/\/api.w.org\/{rel}","templated":true}]}}