{"id":45501,"date":"2025-06-18T10:56:56","date_gmt":"2025-06-18T10:56:56","guid":{"rendered":"https:\/\/zl.jewelry\/product\/ring-parts-of-the-world\/"},"modified":"2025-09-26T18:27:54","modified_gmt":"2025-09-26T18:27:54","slug":"ring-parts-of-the-world","status":"publish","type":"product","link":"https:\/\/zl.jewelry\/pl\/product\/ring-parts-of-the-world\/","title":{"rendered":"Pier\u015bcionek &#8222;Strony \u015bwiata&#8221;"},"content":{"rendered":"<p>Pier\u015bcionek z bia\u0142ego z\u0142ota z wstawkami z czerwonego z\u0142ota. Rodowana podstawa z bia\u0142ego z\u0142ota, emalia w \u015brodku. Strony \u015bwiata s\u0105 wzorowane na wstawkach. Waga r&oacute;\u017cni si\u0119 w zale\u017cno\u015bci od rozmiaru.<\/p>\n<p>_x000D_<\/p>\n","protected":false},"excerpt":{"rendered":"<p>Pier\u015bcionek z bia\u0142ego z\u0142ota z wstawkami z czerwonego z\u0142ota. Rodowana podstawa z bia\u0142ego z\u0142ota, emalia w \u015brodku. Strony \u015bwiata s\u0105 wzorowane na wstawkach. Waga r&oacute;\u017cni si\u0119 w zale\u017cno\u015bci od rozmiaru. _x000D_<\/p>\n","protected":false},"featured_media":45502,"template":"","meta":{"_acf_changed":false},"product_brand":[],"product_cat":[517,588],"product_tag":[],"class_list":{"0":"post-45501","1":"product","2":"type-product","3":"status-publish","4":"has-post-thumbnail","6":"product_cat-mens-rings-and-seals-pl","7":"product_cat-smooth-rings-pl","9":"first","10":"instock","11":"product-type-simple"},"acf":[],"_links":{"self":[{"href":"https:\/\/zl.jewelry\/pl\/wp-json\/wp\/v2\/product\/45501","targetHints":{"allow":["GET"]}}],"collection":[{"href":"https:\/\/zl.jewelry\/pl\/wp-json\/wp\/v2\/product"}],"about":[{"href":"https:\/\/zl.jewelry\/pl\/wp-json\/wp\/v2\/types\/product"}],"wp:featuredmedia":[{"embeddable":true,"href":"https:\/\/zl.jewelry\/pl\/wp-json\/wp\/v2\/media\/45502"}],"wp:attachment":[{"href":"https:\/\/zl.jewelry\/pl\/wp-json\/wp\/v2\/media?parent=45501"}],"wp:term":[{"taxonomy":"product_brand","embeddable":true,"href":"https:\/\/zl.jewelry\/pl\/wp-json\/wp\/v2\/product_brand?post=45501"},{"taxonomy":"product_cat","embeddable":true,"href":"https:\/\/zl.jewelry\/pl\/wp-json\/wp\/v2\/product_cat?post=45501"},{"taxonomy":"product_tag","embeddable":true,"href":"https:\/\/zl.jewelry\/pl\/wp-json\/wp\/v2\/product_tag?post=45501"}],"curies":[{"name":"wp","href":"https:\/\/api.w.org\/{rel}","templated":true}]}}