{"id":45482,"date":"2025-06-18T10:57:01","date_gmt":"2025-06-18T10:57:01","guid":{"rendered":"https:\/\/zl.jewelry\/product\/mens-bracelet-royal-in-white\/"},"modified":"2026-05-06T08:19:27","modified_gmt":"2026-05-06T08:19:27","slug":"mens-bracelet-royal-in-white","status":"publish","type":"product","link":"https:\/\/zl.jewelry\/pl\/product\/mens-bracelet-royal-in-white\/","title":{"rendered":"Bransoletka m\u0119ska &#8222;Royal&#8221; w kolorze bia\u0142ym"},"content":{"rendered":"<p>Bransoletka ze sk\u00f3ry p\u0142aszczki, ze wstawkami w kolorze bia\u0142ego i czerwonego z\u0142ota. Waga zale\u017cy od \u015brednicy wstawek i ich ilo\u015bci, \u00a0 przy rozmiarze 23cm i \u015brednicy sk\u00f3ry 5mm, waga z\u0142ota wynosi 92,05 grama. Wk\u0142adki wykonane s\u0105 z bia\u0142ego z\u0142ota, rodowane, g\u0142owa lwa z czerwonego z\u0142ota. W oczach lwa osadzone kamienie o \u015brednicy 1,75mm (2szt), na \u017cyczenie klienta mo\u017cna osadzi\u0107 dowolne kamienie. Z ty\u0142u grawerunek z napisem &#8222;Moj\u0105 si\u0142\u0105 jest moja rodzina&#8221; na \u017cyczenie klienta.<\/p>\n","protected":false},"excerpt":{"rendered":"<p>Bransoletka ze sk\u00f3ry p\u0142aszczki, ze wstawkami w kolorze bia\u0142ego i czerwonego z\u0142ota. Waga zale\u017cy od \u015brednicy wstawek i ich ilo\u015bci, \u00a0 przy rozmiarze 23cm i \u015brednicy sk\u00f3ry 5mm, waga z\u0142ota wynosi 92,05 grama. Wk\u0142adki wykonane s\u0105 z bia\u0142ego z\u0142ota, rodowane, g\u0142owa lwa z czerwonego z\u0142ota. W oczach lwa osadzone kamienie o \u015brednicy 1,75mm (2szt), na&#8230;<\/p>\n","protected":false},"featured_media":45483,"template":"","meta":{"_acf_changed":false},"product_brand":[],"product_cat":[557,561,559],"product_tag":[],"class_list":{"0":"post-45482","1":"product","2":"type-product","3":"status-publish","4":"has-post-thumbnail","6":"product_cat-bracelets-pl","7":"product_cat-leather-bracelets-with-gold-inserts-pl","8":"product_cat-gold-bracelets-from-30-gr-pl","10":"first","11":"instock","12":"product-type-simple"},"acf":[],"_links":{"self":[{"href":"https:\/\/zl.jewelry\/pl\/wp-json\/wp\/v2\/product\/45482","targetHints":{"allow":["GET"]}}],"collection":[{"href":"https:\/\/zl.jewelry\/pl\/wp-json\/wp\/v2\/product"}],"about":[{"href":"https:\/\/zl.jewelry\/pl\/wp-json\/wp\/v2\/types\/product"}],"wp:featuredmedia":[{"embeddable":true,"href":"https:\/\/zl.jewelry\/pl\/wp-json\/wp\/v2\/media\/45483"}],"wp:attachment":[{"href":"https:\/\/zl.jewelry\/pl\/wp-json\/wp\/v2\/media?parent=45482"}],"wp:term":[{"taxonomy":"product_brand","embeddable":true,"href":"https:\/\/zl.jewelry\/pl\/wp-json\/wp\/v2\/product_brand?post=45482"},{"taxonomy":"product_cat","embeddable":true,"href":"https:\/\/zl.jewelry\/pl\/wp-json\/wp\/v2\/product_cat?post=45482"},{"taxonomy":"product_tag","embeddable":true,"href":"https:\/\/zl.jewelry\/pl\/wp-json\/wp\/v2\/product_tag?post=45482"}],"curies":[{"name":"wp","href":"https:\/\/api.w.org\/{rel}","templated":true}]}}