{"id":45471,"date":"2025-06-18T10:57:01","date_gmt":"2025-06-18T10:57:01","guid":{"rendered":"https:\/\/zl.jewelry\/product\/wedding-rings-lighthouse-and-ship\/"},"modified":"2025-09-26T18:28:00","modified_gmt":"2025-09-26T18:28:00","slug":"wedding-rings-lighthouse-and-ship","status":"publish","type":"product","link":"https:\/\/zl.jewelry\/pl\/product\/wedding-rings-lighthouse-and-ship\/","title":{"rendered":"Obr\u0105czki \u015blubne &#8222;Latarnia morska i statek&#8221;"},"content":{"rendered":"<p><span style=\"font-size:16px;\"><span style=\"color: rgb(77, 77, 77); font-family: Roboto, sans-serif;\">Je\u015bli chcesz znale\u017a\u0107 pier\u015bcionki zar\u0119czynowe w swoim rozmiarze, zobacz sekcj\u0119 Pier\u015bcionki zar\u0119czynowe<\/span><\/span><\/p>\n<p>_x000D_<\/p>\n","protected":false},"excerpt":{"rendered":"<p>Je\u015bli chcesz znale\u017a\u0107 pier\u015bcionki zar\u0119czynowe w swoim rozmiarze, zobacz sekcj\u0119 Pier\u015bcionki zar\u0119czynowe _x000D_<\/p>\n","protected":false},"featured_media":45472,"template":"","meta":{"_acf_changed":false},"product_brand":[],"product_cat":[552,556],"product_tag":[],"class_list":{"0":"post-45471","1":"product","2":"type-product","3":"status-publish","4":"has-post-thumbnail","6":"product_cat-jewelry-for-sailors-pl","7":"product_cat-wedding-rings-2-pl","9":"first","10":"instock","11":"product-type-simple"},"acf":[],"_links":{"self":[{"href":"https:\/\/zl.jewelry\/pl\/wp-json\/wp\/v2\/product\/45471","targetHints":{"allow":["GET"]}}],"collection":[{"href":"https:\/\/zl.jewelry\/pl\/wp-json\/wp\/v2\/product"}],"about":[{"href":"https:\/\/zl.jewelry\/pl\/wp-json\/wp\/v2\/types\/product"}],"wp:featuredmedia":[{"embeddable":true,"href":"https:\/\/zl.jewelry\/pl\/wp-json\/wp\/v2\/media\/45472"}],"wp:attachment":[{"href":"https:\/\/zl.jewelry\/pl\/wp-json\/wp\/v2\/media?parent=45471"}],"wp:term":[{"taxonomy":"product_brand","embeddable":true,"href":"https:\/\/zl.jewelry\/pl\/wp-json\/wp\/v2\/product_brand?post=45471"},{"taxonomy":"product_cat","embeddable":true,"href":"https:\/\/zl.jewelry\/pl\/wp-json\/wp\/v2\/product_cat?post=45471"},{"taxonomy":"product_tag","embeddable":true,"href":"https:\/\/zl.jewelry\/pl\/wp-json\/wp\/v2\/product_tag?post=45471"}],"curies":[{"name":"wp","href":"https:\/\/api.w.org\/{rel}","templated":true}]}}