{"id":45432,"date":"2025-06-18T10:57:07","date_gmt":"2025-06-18T10:57:07","guid":{"rendered":"https:\/\/zl.jewelry\/product\/keychain-prodano-real-estate\/"},"modified":"2025-09-26T18:28:08","modified_gmt":"2025-09-26T18:28:08","slug":"keychain-prodano-real-estate","status":"publish","type":"product","link":"https:\/\/zl.jewelry\/pl\/product\/keychain-prodano-real-estate\/","title":{"rendered":"Brelok do kluczy &#8222;PRODANO&#8221;"},"content":{"rendered":"<p><span style=\"color:rgb(77, 77, 77); font-family:roboto,sans-serif; font-size:16px\">Wykonaj logo swojej firmy lub pom&oacute;\u017c zrobi\u0107 mi\u0142y prezent.<\/span><\/p>\n<p>_x000D_<\/p>\n","protected":false},"excerpt":{"rendered":"<p>Wykonaj logo swojej firmy lub pom&oacute;\u017c zrobi\u0107 mi\u0142y prezent. _x000D_<\/p>\n","protected":false},"featured_media":45433,"template":"","meta":{"_acf_changed":false},"product_brand":[],"product_cat":[576],"product_tag":[],"class_list":{"0":"post-45432","1":"product","2":"type-product","3":"status-publish","4":"has-post-thumbnail","6":"product_cat-other-pl","8":"first","9":"instock","10":"product-type-simple"},"acf":[],"_links":{"self":[{"href":"https:\/\/zl.jewelry\/pl\/wp-json\/wp\/v2\/product\/45432","targetHints":{"allow":["GET"]}}],"collection":[{"href":"https:\/\/zl.jewelry\/pl\/wp-json\/wp\/v2\/product"}],"about":[{"href":"https:\/\/zl.jewelry\/pl\/wp-json\/wp\/v2\/types\/product"}],"wp:featuredmedia":[{"embeddable":true,"href":"https:\/\/zl.jewelry\/pl\/wp-json\/wp\/v2\/media\/45433"}],"wp:attachment":[{"href":"https:\/\/zl.jewelry\/pl\/wp-json\/wp\/v2\/media?parent=45432"}],"wp:term":[{"taxonomy":"product_brand","embeddable":true,"href":"https:\/\/zl.jewelry\/pl\/wp-json\/wp\/v2\/product_brand?post=45432"},{"taxonomy":"product_cat","embeddable":true,"href":"https:\/\/zl.jewelry\/pl\/wp-json\/wp\/v2\/product_cat?post=45432"},{"taxonomy":"product_tag","embeddable":true,"href":"https:\/\/zl.jewelry\/pl\/wp-json\/wp\/v2\/product_tag?post=45432"}],"curies":[{"name":"wp","href":"https:\/\/api.w.org\/{rel}","templated":true}]}}