{"id":45415,"date":"2025-06-18T10:57:07","date_gmt":"2025-06-18T10:57:07","guid":{"rendered":"https:\/\/zl.jewelry\/product\/gold-watch-on-a-white-strap\/"},"modified":"2025-09-26T18:28:07","modified_gmt":"2025-09-26T18:28:07","slug":"gold-watch-on-a-white-strap","status":"publish","type":"product","link":"https:\/\/zl.jewelry\/pl\/product\/gold-watch-on-a-white-strap\/","title":{"rendered":"Z\u0142oty zegarek na bia\u0142ym pasku"},"content":{"rendered":"<p><span style=\"color:rgb(77, 77, 77); font-family:roboto,sans-serif; font-size:16px\">Wykonamy z\u0142ot\u0105 kopert\u0119 dla Twojego ulubionego zegarka i przeniesiemy lub usuniemy mechanizm.<\/span><\/p>\n","protected":false},"excerpt":{"rendered":"<p>Wykonamy z\u0142ot\u0105 kopert\u0119 dla Twojego ulubionego zegarka i przeniesiemy lub usuniemy mechanizm.<\/p>\n","protected":false},"featured_media":45416,"template":"","meta":{"_acf_changed":false},"product_brand":[],"product_cat":[576],"product_tag":[],"class_list":{"0":"post-45415","1":"product","2":"type-product","3":"status-publish","4":"has-post-thumbnail","6":"product_cat-other-pl","8":"first","9":"instock","10":"product-type-simple"},"acf":[],"_links":{"self":[{"href":"https:\/\/zl.jewelry\/pl\/wp-json\/wp\/v2\/product\/45415","targetHints":{"allow":["GET"]}}],"collection":[{"href":"https:\/\/zl.jewelry\/pl\/wp-json\/wp\/v2\/product"}],"about":[{"href":"https:\/\/zl.jewelry\/pl\/wp-json\/wp\/v2\/types\/product"}],"wp:featuredmedia":[{"embeddable":true,"href":"https:\/\/zl.jewelry\/pl\/wp-json\/wp\/v2\/media\/45416"}],"wp:attachment":[{"href":"https:\/\/zl.jewelry\/pl\/wp-json\/wp\/v2\/media?parent=45415"}],"wp:term":[{"taxonomy":"product_brand","embeddable":true,"href":"https:\/\/zl.jewelry\/pl\/wp-json\/wp\/v2\/product_brand?post=45415"},{"taxonomy":"product_cat","embeddable":true,"href":"https:\/\/zl.jewelry\/pl\/wp-json\/wp\/v2\/product_cat?post=45415"},{"taxonomy":"product_tag","embeddable":true,"href":"https:\/\/zl.jewelry\/pl\/wp-json\/wp\/v2\/product_tag?post=45415"}],"curies":[{"name":"wp","href":"https:\/\/api.w.org\/{rel}","templated":true}]}}