{"id":45407,"date":"2025-06-18T10:57:07","date_gmt":"2025-06-18T10:57:07","guid":{"rendered":"https:\/\/zl.jewelry\/product\/ring-transformer-dance-of-the-elements\/"},"modified":"2025-09-26T18:28:06","modified_gmt":"2025-09-26T18:28:06","slug":"ring-transformer-dance-of-the-elements","status":"publish","type":"product","link":"https:\/\/zl.jewelry\/pl\/product\/ring-transformer-dance-of-the-elements\/","title":{"rendered":"Pier\u015bcionek transformer &#8222;Taniec \u017cywio\u0142\u00f3w&#8221;"},"content":{"rendered":"","protected":false},"excerpt":{"rendered":"","protected":false},"featured_media":45408,"template":"","meta":{"_acf_changed":false},"product_brand":[],"product_cat":[520,518,519,522,514],"product_tag":[],"class_list":{"0":"post-45407","1":"product","2":"type-product","3":"status-publish","4":"has-post-thumbnail","6":"product_cat-white-gold-rings-pl","7":"product_cat-red-gold-rings-pl","8":"product_cat-rings-with-diamonds-pl","9":"product_cat-with-rocks-pl","10":"product_cat-golden-rings-pl","12":"first","13":"instock","14":"product-type-simple"},"acf":[],"_links":{"self":[{"href":"https:\/\/zl.jewelry\/pl\/wp-json\/wp\/v2\/product\/45407","targetHints":{"allow":["GET"]}}],"collection":[{"href":"https:\/\/zl.jewelry\/pl\/wp-json\/wp\/v2\/product"}],"about":[{"href":"https:\/\/zl.jewelry\/pl\/wp-json\/wp\/v2\/types\/product"}],"wp:featuredmedia":[{"embeddable":true,"href":"https:\/\/zl.jewelry\/pl\/wp-json\/wp\/v2\/media\/45408"}],"wp:attachment":[{"href":"https:\/\/zl.jewelry\/pl\/wp-json\/wp\/v2\/media?parent=45407"}],"wp:term":[{"taxonomy":"product_brand","embeddable":true,"href":"https:\/\/zl.jewelry\/pl\/wp-json\/wp\/v2\/product_brand?post=45407"},{"taxonomy":"product_cat","embeddable":true,"href":"https:\/\/zl.jewelry\/pl\/wp-json\/wp\/v2\/product_cat?post=45407"},{"taxonomy":"product_tag","embeddable":true,"href":"https:\/\/zl.jewelry\/pl\/wp-json\/wp\/v2\/product_tag?post=45407"}],"curies":[{"name":"wp","href":"https:\/\/api.w.org\/{rel}","templated":true}]}}