{"id":45405,"date":"2025-06-18T10:57:07","date_gmt":"2025-06-18T10:57:07","guid":{"rendered":"https:\/\/zl.jewelry\/product\/white-gold-ring-with-large-stone\/"},"modified":"2025-09-26T18:28:06","modified_gmt":"2025-09-26T18:28:06","slug":"white-gold-ring-with-large-stone","status":"publish","type":"product","link":"https:\/\/zl.jewelry\/pl\/product\/white-gold-ring-with-large-stone\/","title":{"rendered":"Pier\u015bcionek z bia\u0142ego z\u0142ota z du\u017cym kamieniem"},"content":{"rendered":"","protected":false},"excerpt":{"rendered":"","protected":false},"featured_media":45406,"template":"","meta":{"_acf_changed":false},"product_brand":[],"product_cat":[523,527],"product_tag":[],"class_list":{"0":"post-45405","1":"product","2":"type-product","3":"status-publish","4":"has-post-thumbnail","6":"product_cat-engagement-rings-pl","7":"product_cat-white-gold-engagement-rings-pl","9":"first","10":"instock","11":"product-type-simple"},"acf":[],"_links":{"self":[{"href":"https:\/\/zl.jewelry\/pl\/wp-json\/wp\/v2\/product\/45405","targetHints":{"allow":["GET"]}}],"collection":[{"href":"https:\/\/zl.jewelry\/pl\/wp-json\/wp\/v2\/product"}],"about":[{"href":"https:\/\/zl.jewelry\/pl\/wp-json\/wp\/v2\/types\/product"}],"wp:featuredmedia":[{"embeddable":true,"href":"https:\/\/zl.jewelry\/pl\/wp-json\/wp\/v2\/media\/45406"}],"wp:attachment":[{"href":"https:\/\/zl.jewelry\/pl\/wp-json\/wp\/v2\/media?parent=45405"}],"wp:term":[{"taxonomy":"product_brand","embeddable":true,"href":"https:\/\/zl.jewelry\/pl\/wp-json\/wp\/v2\/product_brand?post=45405"},{"taxonomy":"product_cat","embeddable":true,"href":"https:\/\/zl.jewelry\/pl\/wp-json\/wp\/v2\/product_cat?post=45405"},{"taxonomy":"product_tag","embeddable":true,"href":"https:\/\/zl.jewelry\/pl\/wp-json\/wp\/v2\/product_tag?post=45405"}],"curies":[{"name":"wp","href":"https:\/\/api.w.org\/{rel}","templated":true}]}}