{"id":45393,"date":"2025-06-18T10:57:14","date_gmt":"2025-06-18T10:57:14","guid":{"rendered":"https:\/\/zl.jewelry\/product\/rope-classic-2\/"},"modified":"2025-09-26T18:28:14","modified_gmt":"2025-09-26T18:28:14","slug":"rope-classic-2","status":"publish","type":"product","link":"https:\/\/zl.jewelry\/pl\/product\/rope-classic-2\/","title":{"rendered":"Sznur &#8222;Klasyczny&#8221;"},"content":{"rendered":"<p>Sznur ze z\u0142otymi wstawkami. Waga zale\u017cy od \u015brednicy wk\u0142adek i ilo\u015bci, przy \u015brednicy liny 4 mm waga z\u0142ota w bi\u017cuterii wynosi 15,70 grama. 6 wk\u0142adek p\u0142atkowych + 2 za\u015blepki i zamek &#8211; pude\u0142ko, okr\u0105g\u0142y kszta\u0142t z jednym zamkiem.<\/p>\n","protected":false},"excerpt":{"rendered":"<p>Sznur ze z\u0142otymi wstawkami. Waga zale\u017cy od \u015brednicy wk\u0142adek i ilo\u015bci, przy \u015brednicy liny 4 mm waga z\u0142ota w bi\u017cuterii wynosi 15,70 grama. 6 wk\u0142adek p\u0142atkowych + 2 za\u015blepki i zamek &#8211; pude\u0142ko, okr\u0105g\u0142y kszta\u0142t z jednym zamkiem.<\/p>\n","protected":false},"featured_media":45394,"template":"","meta":{"_acf_changed":false},"product_brand":[],"product_cat":[496,497,499],"product_tag":[],"class_list":{"0":"post-45393","1":"product","2":"type-product","3":"status-publish","4":"has-post-thumbnail","6":"product_cat-jewelry-laces-pl","7":"product_cat-childrens-womens-pl","8":"product_cat-nylon-mens-pl","10":"first","11":"instock","12":"product-type-simple"},"acf":[],"_links":{"self":[{"href":"https:\/\/zl.jewelry\/pl\/wp-json\/wp\/v2\/product\/45393","targetHints":{"allow":["GET"]}}],"collection":[{"href":"https:\/\/zl.jewelry\/pl\/wp-json\/wp\/v2\/product"}],"about":[{"href":"https:\/\/zl.jewelry\/pl\/wp-json\/wp\/v2\/types\/product"}],"wp:featuredmedia":[{"embeddable":true,"href":"https:\/\/zl.jewelry\/pl\/wp-json\/wp\/v2\/media\/45394"}],"wp:attachment":[{"href":"https:\/\/zl.jewelry\/pl\/wp-json\/wp\/v2\/media?parent=45393"}],"wp:term":[{"taxonomy":"product_brand","embeddable":true,"href":"https:\/\/zl.jewelry\/pl\/wp-json\/wp\/v2\/product_brand?post=45393"},{"taxonomy":"product_cat","embeddable":true,"href":"https:\/\/zl.jewelry\/pl\/wp-json\/wp\/v2\/product_cat?post=45393"},{"taxonomy":"product_tag","embeddable":true,"href":"https:\/\/zl.jewelry\/pl\/wp-json\/wp\/v2\/product_tag?post=45393"}],"curies":[{"name":"wp","href":"https:\/\/api.w.org\/{rel}","templated":true}]}}