{"id":45385,"date":"2025-06-18T10:57:14","date_gmt":"2025-06-18T10:57:14","guid":{"rendered":"https:\/\/zl.jewelry\/product\/wide-ring-of-white-gold-with-a-scattering-of-stones\/"},"modified":"2025-09-26T18:28:13","modified_gmt":"2025-09-26T18:28:13","slug":"wide-ring-of-white-gold-with-a-scattering-of-stones","status":"publish","type":"product","link":"https:\/\/zl.jewelry\/pl\/product\/wide-ring-of-white-gold-with-a-scattering-of-stones\/","title":{"rendered":"Szeroki pier\u015bcionek z bia\u0142ego z\u0142ota z rozproszonymi kamieniami."},"content":{"rendered":"","protected":false},"excerpt":{"rendered":"","protected":false},"featured_media":45386,"template":"","meta":{"_acf_changed":false},"product_brand":[],"product_cat":[514,519,520,522],"product_tag":[],"class_list":{"0":"post-45385","1":"product","2":"type-product","3":"status-publish","4":"has-post-thumbnail","6":"product_cat-golden-rings-pl","7":"product_cat-rings-with-diamonds-pl","8":"product_cat-white-gold-rings-pl","9":"product_cat-with-rocks-pl","11":"first","12":"instock","13":"product-type-simple"},"acf":[],"_links":{"self":[{"href":"https:\/\/zl.jewelry\/pl\/wp-json\/wp\/v2\/product\/45385","targetHints":{"allow":["GET"]}}],"collection":[{"href":"https:\/\/zl.jewelry\/pl\/wp-json\/wp\/v2\/product"}],"about":[{"href":"https:\/\/zl.jewelry\/pl\/wp-json\/wp\/v2\/types\/product"}],"wp:featuredmedia":[{"embeddable":true,"href":"https:\/\/zl.jewelry\/pl\/wp-json\/wp\/v2\/media\/45386"}],"wp:attachment":[{"href":"https:\/\/zl.jewelry\/pl\/wp-json\/wp\/v2\/media?parent=45385"}],"wp:term":[{"taxonomy":"product_brand","embeddable":true,"href":"https:\/\/zl.jewelry\/pl\/wp-json\/wp\/v2\/product_brand?post=45385"},{"taxonomy":"product_cat","embeddable":true,"href":"https:\/\/zl.jewelry\/pl\/wp-json\/wp\/v2\/product_cat?post=45385"},{"taxonomy":"product_tag","embeddable":true,"href":"https:\/\/zl.jewelry\/pl\/wp-json\/wp\/v2\/product_tag?post=45385"}],"curies":[{"name":"wp","href":"https:\/\/api.w.org\/{rel}","templated":true}]}}