{"id":45383,"date":"2025-06-18T10:57:14","date_gmt":"2025-06-18T10:57:14","guid":{"rendered":"https:\/\/zl.jewelry\/product\/ring-with-rhodium-stripe\/"},"modified":"2025-09-26T18:28:13","modified_gmt":"2025-09-26T18:28:13","slug":"ring-with-rhodium-stripe","status":"publish","type":"product","link":"https:\/\/zl.jewelry\/pl\/product\/ring-with-rhodium-stripe\/","title":{"rendered":"Pier\u015bcionek z rodowan\u0105 obr\u0105czk\u0105"},"content":{"rendered":"","protected":false},"excerpt":{"rendered":"","protected":false},"featured_media":45384,"template":"","meta":{"_acf_changed":false},"product_brand":[],"product_cat":[528,530],"product_tag":[],"class_list":{"0":"post-45383","1":"product","2":"type-product","3":"status-publish","4":"has-post-thumbnail","6":"product_cat-wedding-rings-pl","7":"product_cat-combined-wedding-rings-pl","9":"first","10":"instock","11":"product-type-simple"},"acf":[],"_links":{"self":[{"href":"https:\/\/zl.jewelry\/pl\/wp-json\/wp\/v2\/product\/45383","targetHints":{"allow":["GET"]}}],"collection":[{"href":"https:\/\/zl.jewelry\/pl\/wp-json\/wp\/v2\/product"}],"about":[{"href":"https:\/\/zl.jewelry\/pl\/wp-json\/wp\/v2\/types\/product"}],"wp:featuredmedia":[{"embeddable":true,"href":"https:\/\/zl.jewelry\/pl\/wp-json\/wp\/v2\/media\/45384"}],"wp:attachment":[{"href":"https:\/\/zl.jewelry\/pl\/wp-json\/wp\/v2\/media?parent=45383"}],"wp:term":[{"taxonomy":"product_brand","embeddable":true,"href":"https:\/\/zl.jewelry\/pl\/wp-json\/wp\/v2\/product_brand?post=45383"},{"taxonomy":"product_cat","embeddable":true,"href":"https:\/\/zl.jewelry\/pl\/wp-json\/wp\/v2\/product_cat?post=45383"},{"taxonomy":"product_tag","embeddable":true,"href":"https:\/\/zl.jewelry\/pl\/wp-json\/wp\/v2\/product_tag?post=45383"}],"curies":[{"name":"wp","href":"https:\/\/api.w.org\/{rel}","templated":true}]}}