{"id":45379,"date":"2025-06-18T10:57:14","date_gmt":"2025-06-18T10:57:14","guid":{"rendered":"https:\/\/zl.jewelry\/product\/icon-nicholas-the-wonderworker-on-a-wooden-steering-wheel-with-an-anchor-and-a-propeller\/"},"modified":"2025-09-26T18:28:13","modified_gmt":"2025-09-26T18:28:13","slug":"icon-nicholas-the-wonderworker-on-a-wooden-steering-wheel-with-an-anchor-and-a-propeller","status":"publish","type":"product","link":"https:\/\/zl.jewelry\/pl\/product\/icon-nicholas-the-wonderworker-on-a-wooden-steering-wheel-with-an-anchor-and-a-propeller\/","title":{"rendered":"Ikona &#8222;Miko\u0142aj Cudotw\u00f3rca&#8221; na drewnianym sterze z kotwic\u0105 i \u015brub\u0105 nap\u0119dow\u0105"},"content":{"rendered":"<p>Ikona na drewnie, w kolorze czerwonego z\u0142ota, forma he\u0142mu. Waga zale\u017cy od wymiar\u00f3w, przy ca\u0142kowitej wysoko\u015bci 63,60 mm, waga z\u0142ota 32,40 grama. Na przedniej stronie nak\u0142adki na drzewie &#8211; he\u0142m, na g\u00f3rze he\u0142mu wizerunek Miko\u0142aja Cudotw\u00f3rcy, pod nim nak\u0142adka \u015bruby. Z ty\u0142u na drewnie napis Save and Preserve&#8221;. Na przedniej stronie ucha krzy\u017c, wok\u00f3\u0142 niego obszar pokryty czarn\u0105 emali\u0105. Nak\u0142adki \u015bwi\u0119tego i \u015bruby z bia\u0142ego z\u0142ota, pokryte rodem.<\/p>\n","protected":false},"excerpt":{"rendered":"<p>Ikona na drewnie, w kolorze czerwonego z\u0142ota, forma he\u0142mu. Waga zale\u017cy od wymiar\u00f3w, przy ca\u0142kowitej wysoko\u015bci 63,60 mm, waga z\u0142ota 32,40 grama. Na przedniej stronie nak\u0142adki na drzewie &#8211; he\u0142m, na g\u00f3rze he\u0142mu wizerunek Miko\u0142aja Cudotw\u00f3rcy, pod nim nak\u0142adka \u015bruby. Z ty\u0142u na drewnie napis Save and Preserve&#8221;. Na przedniej stronie ucha krzy\u017c, wok\u00f3\u0142 niego&#8230;<\/p>\n","protected":false},"featured_media":59260,"template":"","meta":{"_acf_changed":false},"product_brand":[],"product_cat":[552,554,563,500,502],"product_tag":[],"class_list":{"0":"post-45379","1":"product","2":"type-product","3":"status-publish","4":"has-post-thumbnail","6":"product_cat-jewelry-for-sailors-pl","7":"product_cat-pendants-pl","8":"product_cat-gold-pendants-pl","9":"product_cat-golden-icons-pl","10":"product_cat-on-an-ebony-tree-pl","12":"first","13":"instock","14":"product-type-simple"},"acf":[],"_links":{"self":[{"href":"https:\/\/zl.jewelry\/pl\/wp-json\/wp\/v2\/product\/45379","targetHints":{"allow":["GET"]}}],"collection":[{"href":"https:\/\/zl.jewelry\/pl\/wp-json\/wp\/v2\/product"}],"about":[{"href":"https:\/\/zl.jewelry\/pl\/wp-json\/wp\/v2\/types\/product"}],"wp:featuredmedia":[{"embeddable":true,"href":"https:\/\/zl.jewelry\/pl\/wp-json\/wp\/v2\/media\/59260"}],"wp:attachment":[{"href":"https:\/\/zl.jewelry\/pl\/wp-json\/wp\/v2\/media?parent=45379"}],"wp:term":[{"taxonomy":"product_brand","embeddable":true,"href":"https:\/\/zl.jewelry\/pl\/wp-json\/wp\/v2\/product_brand?post=45379"},{"taxonomy":"product_cat","embeddable":true,"href":"https:\/\/zl.jewelry\/pl\/wp-json\/wp\/v2\/product_cat?post=45379"},{"taxonomy":"product_tag","embeddable":true,"href":"https:\/\/zl.jewelry\/pl\/wp-json\/wp\/v2\/product_tag?post=45379"}],"curies":[{"name":"wp","href":"https:\/\/api.w.org\/{rel}","templated":true}]}}