{"id":45377,"date":"2025-06-18T10:57:14","date_gmt":"2025-06-18T10:57:14","guid":{"rendered":"https:\/\/zl.jewelry\/product\/white-gold-ring-with-fish\/"},"modified":"2026-05-05T10:51:09","modified_gmt":"2026-05-05T10:51:09","slug":"white-gold-ring-with-fish","status":"publish","type":"product","link":"https:\/\/zl.jewelry\/pl\/product\/white-gold-ring-with-fish\/","title":{"rendered":"Pier\u015bcionek z bia\u0142ego z\u0142ota z ryb\u0105"},"content":{"rendered":"<p>Pier\u015bcionek z czerwonego i bia\u0142ego z\u0142ota. Waga zale\u017cy od rozmiaru, przy azmerze 16 waga z\u0142ota wynosi 7,20 grama. Pier\u015bcionek z bia\u0142ego z\u0142ota, rodowany, nak\u0142adka z rybkami z czerwonego z\u0142ota, kt\u00f3re tworz\u0105 ca\u0142o\u015bciow\u0105 kompozycj\u0119 pier\u015bcionka. Oczka w kamieniach rybki, \u015brednica 1,2mm (2szt), mog\u0105 by\u0107 osadzone dowolnie, na \u017cyczenie klienta.<\/p>\n","protected":false},"excerpt":{"rendered":"<p>Pier\u015bcionek z czerwonego i bia\u0142ego z\u0142ota. Waga zale\u017cy od rozmiaru, przy azmerze 16 waga z\u0142ota wynosi 7,20 grama. Pier\u015bcionek z bia\u0142ego z\u0142ota, rodowany, nak\u0142adka z rybkami z czerwonego z\u0142ota, kt\u00f3re tworz\u0105 ca\u0142o\u015bciow\u0105 kompozycj\u0119 pier\u015bcionka. Oczka w kamieniach rybki, \u015brednica 1,2mm (2szt), mog\u0105 by\u0107 osadzone dowolnie, na \u017cyczenie klienta.<\/p>\n","protected":false},"featured_media":45378,"template":"","meta":{"_acf_changed":false},"product_brand":[],"product_cat":[519,522,514],"product_tag":[],"class_list":{"0":"post-45377","1":"product","2":"type-product","3":"status-publish","4":"has-post-thumbnail","6":"product_cat-rings-with-diamonds-pl","7":"product_cat-with-rocks-pl","8":"product_cat-golden-rings-pl","10":"first","11":"instock","12":"product-type-simple"},"acf":[],"_links":{"self":[{"href":"https:\/\/zl.jewelry\/pl\/wp-json\/wp\/v2\/product\/45377","targetHints":{"allow":["GET"]}}],"collection":[{"href":"https:\/\/zl.jewelry\/pl\/wp-json\/wp\/v2\/product"}],"about":[{"href":"https:\/\/zl.jewelry\/pl\/wp-json\/wp\/v2\/types\/product"}],"wp:featuredmedia":[{"embeddable":true,"href":"https:\/\/zl.jewelry\/pl\/wp-json\/wp\/v2\/media\/45378"}],"wp:attachment":[{"href":"https:\/\/zl.jewelry\/pl\/wp-json\/wp\/v2\/media?parent=45377"}],"wp:term":[{"taxonomy":"product_brand","embeddable":true,"href":"https:\/\/zl.jewelry\/pl\/wp-json\/wp\/v2\/product_brand?post=45377"},{"taxonomy":"product_cat","embeddable":true,"href":"https:\/\/zl.jewelry\/pl\/wp-json\/wp\/v2\/product_cat?post=45377"},{"taxonomy":"product_tag","embeddable":true,"href":"https:\/\/zl.jewelry\/pl\/wp-json\/wp\/v2\/product_tag?post=45377"}],"curies":[{"name":"wp","href":"https:\/\/api.w.org\/{rel}","templated":true}]}}