{"id":45375,"date":"2025-06-18T10:57:14","date_gmt":"2025-06-18T10:57:14","guid":{"rendered":"https:\/\/zl.jewelry\/product\/icon-andrew-the-first-called\/"},"modified":"2025-09-26T18:28:12","modified_gmt":"2025-09-26T18:28:12","slug":"icon-andrew-the-first-called","status":"publish","type":"product","link":"https:\/\/zl.jewelry\/pl\/product\/icon-andrew-the-first-called\/","title":{"rendered":"Ikona &#8222;Andrei Pervozvanny&#8221;"},"content":{"rendered":"<p>Ikona z czerwonym z\u0142otem, z drewnian\u0105 wk\u0142adk\u0105,&nbsp; waga zale\u017cna od wymiar&oacute;w, przy wysoko\u015bci ikony 50mm bez ucha, waga 48,20 grama. Z przodu wizerunek Andrzeja, zw&oacute;j pokryty rodem, z ty\u0142u napis &quot;Save and Preserve&quot;.Ikona z czerwonym z\u0142otem, z drewnian\u0105 wk\u0142adk\u0105, napis &quot;Save and Preserve&quot;.<\/p>\n<p>_x000D_<\/p>\n","protected":false},"excerpt":{"rendered":"<p>Ikona z czerwonym z\u0142otem, z drewnian\u0105 wk\u0142adk\u0105,&nbsp; waga zale\u017cna od wymiar&oacute;w, przy wysoko\u015bci ikony 50mm bez ucha, waga 48,20 grama. Z przodu wizerunek Andrzeja, zw&oacute;j pokryty rodem, z ty\u0142u napis &quot;Save and Preserve&quot;.Ikona z czerwonym z\u0142otem, z drewnian\u0105 wk\u0142adk\u0105, napis &quot;Save and Preserve&quot;. _x000D_<\/p>\n","protected":false},"featured_media":45376,"template":"","meta":{"_acf_changed":false},"product_brand":[],"product_cat":[500,502],"product_tag":[],"class_list":{"0":"post-45375","1":"product","2":"type-product","3":"status-publish","4":"has-post-thumbnail","6":"product_cat-golden-icons-pl","7":"product_cat-on-an-ebony-tree-pl","9":"first","10":"instock","11":"product-type-simple"},"acf":[],"_links":{"self":[{"href":"https:\/\/zl.jewelry\/pl\/wp-json\/wp\/v2\/product\/45375","targetHints":{"allow":["GET"]}}],"collection":[{"href":"https:\/\/zl.jewelry\/pl\/wp-json\/wp\/v2\/product"}],"about":[{"href":"https:\/\/zl.jewelry\/pl\/wp-json\/wp\/v2\/types\/product"}],"wp:featuredmedia":[{"embeddable":true,"href":"https:\/\/zl.jewelry\/pl\/wp-json\/wp\/v2\/media\/45376"}],"wp:attachment":[{"href":"https:\/\/zl.jewelry\/pl\/wp-json\/wp\/v2\/media?parent=45375"}],"wp:term":[{"taxonomy":"product_brand","embeddable":true,"href":"https:\/\/zl.jewelry\/pl\/wp-json\/wp\/v2\/product_brand?post=45375"},{"taxonomy":"product_cat","embeddable":true,"href":"https:\/\/zl.jewelry\/pl\/wp-json\/wp\/v2\/product_cat?post=45375"},{"taxonomy":"product_tag","embeddable":true,"href":"https:\/\/zl.jewelry\/pl\/wp-json\/wp\/v2\/product_tag?post=45375"}],"curies":[{"name":"wp","href":"https:\/\/api.w.org\/{rel}","templated":true}]}}