{"id":45371,"date":"2025-06-18T10:57:14","date_gmt":"2025-06-18T10:57:14","guid":{"rendered":"https:\/\/zl.jewelry\/product\/a-set-of-rings-a-chain-with-a-heart-and-a-path-of-stones\/"},"modified":"2025-09-26T18:28:12","modified_gmt":"2025-09-26T18:28:12","slug":"a-set-of-rings-a-chain-with-a-heart-and-a-path-of-stones","status":"publish","type":"product","link":"https:\/\/zl.jewelry\/pl\/product\/a-set-of-rings-a-chain-with-a-heart-and-a-path-of-stones\/","title":{"rendered":"Zestaw pier\u015bcionk\u00f3w z \u0142a\u0144cuszkiem z sercem i \u015bcie\u017ck\u0105 kamieni"},"content":{"rendered":"","protected":false},"excerpt":{"rendered":"","protected":false},"featured_media":45372,"template":"","meta":{"_acf_changed":false},"product_brand":[],"product_cat":[514,515,519,522],"product_tag":[],"class_list":{"0":"post-45371","1":"product","2":"type-product","3":"status-publish","4":"has-post-thumbnail","6":"product_cat-golden-rings-pl","7":"product_cat-lemon-gold-rings-pl","8":"product_cat-rings-with-diamonds-pl","9":"product_cat-with-rocks-pl","11":"first","12":"instock","13":"product-type-simple"},"acf":[],"_links":{"self":[{"href":"https:\/\/zl.jewelry\/pl\/wp-json\/wp\/v2\/product\/45371","targetHints":{"allow":["GET"]}}],"collection":[{"href":"https:\/\/zl.jewelry\/pl\/wp-json\/wp\/v2\/product"}],"about":[{"href":"https:\/\/zl.jewelry\/pl\/wp-json\/wp\/v2\/types\/product"}],"wp:featuredmedia":[{"embeddable":true,"href":"https:\/\/zl.jewelry\/pl\/wp-json\/wp\/v2\/media\/45372"}],"wp:attachment":[{"href":"https:\/\/zl.jewelry\/pl\/wp-json\/wp\/v2\/media?parent=45371"}],"wp:term":[{"taxonomy":"product_brand","embeddable":true,"href":"https:\/\/zl.jewelry\/pl\/wp-json\/wp\/v2\/product_brand?post=45371"},{"taxonomy":"product_cat","embeddable":true,"href":"https:\/\/zl.jewelry\/pl\/wp-json\/wp\/v2\/product_cat?post=45371"},{"taxonomy":"product_tag","embeddable":true,"href":"https:\/\/zl.jewelry\/pl\/wp-json\/wp\/v2\/product_tag?post=45371"}],"curies":[{"name":"wp","href":"https:\/\/api.w.org\/{rel}","templated":true}]}}