{"id":45363,"date":"2025-06-18T10:57:14","date_gmt":"2025-06-18T10:57:14","guid":{"rendered":"https:\/\/zl.jewelry\/product\/golden-cross-in-an-unusual-design-with-a-crucifix-in-white-gold\/"},"modified":"2025-09-26T18:28:11","modified_gmt":"2025-09-26T18:28:11","slug":"golden-cross-in-an-unusual-design-with-a-crucifix-in-white-gold","status":"publish","type":"product","link":"https:\/\/zl.jewelry\/pl\/product\/golden-cross-in-an-unusual-design-with-a-crucifix-in-white-gold\/","title":{"rendered":"Z\u0142oty krzy\u017cyk o nietypowym wzorze z krucyfiksem z bia\u0142ego z\u0142ota"},"content":{"rendered":"<p>Wyj\u0105tkowy krzy\u017cyk wykonany z po\u0142\u0105czenia cytrynowego i bia\u0142ego z\u0142ota. Na przedniej stronie znajduje si\u0119 krucyfiks w centrum, na kraw\u0119dziach znajduj\u0105 si\u0119 wymodelowane napisy, kt\u00f3re s\u0105 pokryte czarn\u0105 emali\u0105. Na tylnej stronie, napis &quot;Save and Preserve&quot; jest umieszczony w centrum, kt\u00f3re jest ozdobione czarn\u0105 emali\u0105. P\u0142ytki z bia\u0142ego z\u0142ota s\u0105 rodowane. Waga zale\u017cy od wymiar\u00f3w, przy przybli\u017conej wysoko\u015bci krzy\u017cyka bez uszka &#8211; 40 mm, waga z\u0142ota wynosi 29,10 grama. a wz\u00f3r bi\u017cuterii mo\u017ce zosta\u0107 zmieniony na \u017cyczenie klienta.&nbsp;<\/p>\n","protected":false},"excerpt":{"rendered":"<p>Wyj\u0105tkowy krzy\u017cyk wykonany z po\u0142\u0105czenia cytrynowego i bia\u0142ego z\u0142ota. Na przedniej stronie znajduje si\u0119 krucyfiks w centrum, na kraw\u0119dziach znajduj\u0105 si\u0119 wymodelowane napisy, kt\u00f3re s\u0105 pokryte czarn\u0105 emali\u0105. Na tylnej stronie, napis &quot;Save and Preserve&quot; jest umieszczony w centrum, kt\u00f3re jest ozdobione czarn\u0105 emali\u0105. P\u0142ytki z bia\u0142ego z\u0142ota s\u0105 rodowane. Waga zale\u017cy od wymiar\u00f3w, przy&#8230;<\/p>\n","protected":false},"featured_media":45364,"template":"","meta":{"_acf_changed":false},"product_brand":[],"product_cat":[504,507,510],"product_tag":[],"class_list":{"0":"post-45363","1":"product","2":"type-product","3":"status-publish","4":"has-post-thumbnail","6":"product_cat-golden-crosses-pl","7":"product_cat-exclusive-golden-handmade-crosses-pl","8":"product_cat-mens-crosses-pl","10":"first","11":"instock","12":"product-type-simple"},"acf":[],"_links":{"self":[{"href":"https:\/\/zl.jewelry\/pl\/wp-json\/wp\/v2\/product\/45363","targetHints":{"allow":["GET"]}}],"collection":[{"href":"https:\/\/zl.jewelry\/pl\/wp-json\/wp\/v2\/product"}],"about":[{"href":"https:\/\/zl.jewelry\/pl\/wp-json\/wp\/v2\/types\/product"}],"wp:featuredmedia":[{"embeddable":true,"href":"https:\/\/zl.jewelry\/pl\/wp-json\/wp\/v2\/media\/45364"}],"wp:attachment":[{"href":"https:\/\/zl.jewelry\/pl\/wp-json\/wp\/v2\/media?parent=45363"}],"wp:term":[{"taxonomy":"product_brand","embeddable":true,"href":"https:\/\/zl.jewelry\/pl\/wp-json\/wp\/v2\/product_brand?post=45363"},{"taxonomy":"product_cat","embeddable":true,"href":"https:\/\/zl.jewelry\/pl\/wp-json\/wp\/v2\/product_cat?post=45363"},{"taxonomy":"product_tag","embeddable":true,"href":"https:\/\/zl.jewelry\/pl\/wp-json\/wp\/v2\/product_tag?post=45363"}],"curies":[{"name":"wp","href":"https:\/\/api.w.org\/{rel}","templated":true}]}}