{"id":45353,"date":"2025-06-18T10:57:21","date_gmt":"2025-06-18T10:57:21","guid":{"rendered":"https:\/\/zl.jewelry\/product\/rope-black-with-inserts-2\/"},"modified":"2025-09-26T18:28:19","modified_gmt":"2025-09-26T18:28:19","slug":"rope-black-with-inserts-2","status":"publish","type":"product","link":"https:\/\/zl.jewelry\/pl\/product\/rope-black-with-inserts-2\/","title":{"rendered":"Sznur w kolorze czarnym z wstawkami"},"content":{"rendered":"<p>Smycz jubilerska, ze z\u0142otymi wstawkami w kolorze czerwonym. \u015arednica linki 3mm, wstawki z wzorem greckiej niesko\u0144czono\u015bci (4szt). Karabi\u0144czyk z blokad\u0105. Waga z\u0142ota w lince wynosi 3,59 grama. Waga zale\u017cy&nbsp;od \u015brednicy wstawek,&nbsp;oraz od ich ilo\u015bci.<\/nbsp;<\/p>\n","protected":false},"excerpt":{"rendered":"<p>Smycz jubilerska, ze z\u0142otymi wstawkami w kolorze czerwonym. \u015arednica linki 3mm, wstawki z wzorem greckiej niesko\u0144czono\u015bci (4szt). Karabi\u0144czyk z blokad\u0105. Waga z\u0142ota w lince wynosi 3,59 grama. Waga zale\u017cy&nbsp;od \u015brednicy wstawek,&nbsp;oraz od ich ilo\u015bci.<\/p>\n","protected":false},"featured_media":63007,"template":"","meta":{"_acf_changed":false},"product_brand":[],"product_cat":[497,499,496],"product_tag":[],"class_list":{"0":"post-45353","1":"product","2":"type-product","3":"status-publish","4":"has-post-thumbnail","6":"product_cat-childrens-womens-pl","7":"product_cat-nylon-mens-pl","8":"product_cat-jewelry-laces-pl","10":"first","11":"instock","12":"product-type-simple"},"acf":[],"_links":{"self":[{"href":"https:\/\/zl.jewelry\/pl\/wp-json\/wp\/v2\/product\/45353","targetHints":{"allow":["GET"]}}],"collection":[{"href":"https:\/\/zl.jewelry\/pl\/wp-json\/wp\/v2\/product"}],"about":[{"href":"https:\/\/zl.jewelry\/pl\/wp-json\/wp\/v2\/types\/product"}],"wp:featuredmedia":[{"embeddable":true,"href":"https:\/\/zl.jewelry\/pl\/wp-json\/wp\/v2\/media\/63007"}],"wp:attachment":[{"href":"https:\/\/zl.jewelry\/pl\/wp-json\/wp\/v2\/media?parent=45353"}],"wp:term":[{"taxonomy":"product_brand","embeddable":true,"href":"https:\/\/zl.jewelry\/pl\/wp-json\/wp\/v2\/product_brand?post=45353"},{"taxonomy":"product_cat","embeddable":true,"href":"https:\/\/zl.jewelry\/pl\/wp-json\/wp\/v2\/product_cat?post=45353"},{"taxonomy":"product_tag","embeddable":true,"href":"https:\/\/zl.jewelry\/pl\/wp-json\/wp\/v2\/product_tag?post=45353"}],"curies":[{"name":"wp","href":"https:\/\/api.w.org\/{rel}","templated":true}]}}